{"id":34764,"date":"2023-06-16T09:35:51","date_gmt":"2023-06-16T13:35:51","guid":{"rendered":"https:\/\/geo-plus.com\/?page_id=34764"},"modified":"2023-06-16T09:35:51","modified_gmt":"2023-06-16T13:35:51","slug":"test-usage-for-translation","status":"publish","type":"page","link":"https:\/\/geo-plus.com\/da\/test-brug-til-oversaettelse\/","title":{"rendered":"testbrug til overs\u00e6ttelse"},"content":{"rendered":"<p class=\"wp-block-paragraph\">Afsenderens besked blev sendt med succes<\/p>\n\n\n\n<p class=\"wp-block-paragraph\">Afsenderens besked kunne ikke sendes<\/p>\n\n\n\n<p class=\"wp-block-paragraph\">Der opstod valideringsfejl<\/p>\n\n\n\n<p class=\"wp-block-paragraph\">Indsendelse blev omtalt som spam<\/p>\n\n\n\n<p class=\"wp-block-paragraph\">Der er betingelser, som afsenderen skal acceptere<\/p>\n\n\n\n<p class=\"wp-block-paragraph\">Der er et felt, som afsenderen skal udfylde<\/p>\n\n\n\n<p class=\"wp-block-paragraph\">Der er et felt med input, der er l\u00e6ngere end den maksimalt tilladte l\u00e6ngde.<\/p>\n\n\n\n<p class=\"wp-block-paragraph\">Der er et felt med input, der er kortere end den tilladte minimumsl\u00e6ngde.<\/p>\n\n\n\n<p class=\"wp-block-paragraph\">Upload af en fil mislykkes af en eller anden grund<\/p>\n\n\n\n<p class=\"wp-block-paragraph\">Den uploadede fil er ikke tilladt for filtypen<\/p>\n\n\n\n<p class=\"wp-block-paragraph\">Den uploadede fil er for stor<\/p>\n\n\n\n<p class=\"wp-block-paragraph\">Upload af en fil mislykkes p\u00e5 grund af PHP-fejl<\/p>\n\n\n\n<p class=\"wp-block-paragraph\">Datoformatet, som afsenderen har indtastet, er ugyldigt<\/p>\n\n\n\n<p class=\"wp-block-paragraph\">Datoen er tidligere end minimumsgr\u00e6nsen<\/p>\n\n\n\n<p class=\"wp-block-paragraph\">Datoen er senere end maksimumgr\u00e6nsen<\/p>\n\n\n\n<p class=\"wp-block-paragraph\">Talformatet, som afsenderen har indtastet, er ugyldigt<\/p>\n\n\n\n<p class=\"wp-block-paragraph\">Antallet er mindre end minimumsgr\u00e6nsen<\/p>\n\n\n\n<p class=\"wp-block-paragraph\">Tallet er st\u00f8rre end maksimumgr\u00e6nsen<\/p>\n\n\n\n<p class=\"wp-block-paragraph\">Afsender indtaster ikke det korrekte svar p\u00e5 quizzen<\/p>\n\n\n\n<p class=\"wp-block-paragraph\">Den e-mailadresse, som afsenderen har indtastet, er ugyldig<\/p>\n\n\n\n<p class=\"wp-block-paragraph\">URL, som afsenderen har indtastet, er ugyldig<\/p>\n\n\n\n<p class=\"wp-block-paragraph\">Telefonnummeret, som afsenderen har indtastet, er ugyldigt<br><\/p>","protected":false},"excerpt":{"rendered":"<p>Afsenderens besked blev sendt med succes Afsenderens besked kunne ikke sendes Der opstod valideringsfejl Indsendelsen blev betegnet som spam Der er betingelser, som afsenderen skal acceptere Der er et felt, som afsenderen skal udfylde Der er et felt med input, der er l\u00e6ngere end den maksimalt tilladte l\u00e6ngde Der er et felt[...].<\/p>","protected":false},"author":228097081,"featured_media":0,"parent":0,"menu_order":0,"comment_status":"closed","ping_status":"closed","template":"","meta":{"_crdt_document":"","inline_featured_image":false,"footnotes":""},"class_list":["post-34764","page","type-page","status-publish","hentry"],"yoast_head":"<!-- This site is optimized with the Yoast SEO Premium plugin v22.8 (Yoast SEO v27.4) - https:\/\/yoast.com\/product\/yoast-seo-premium-wordpress\/ -->\n<title>Geo-Plus | LiDAR, Land Surveying and Civil Engineering Software Solutions<\/title>\n<meta name=\"description\" content=\"Geo-Plus offers software solutions tailored to land and infrastructure professionals. We provide solutions for the fields of surveying, civil engineering and much more.\" \/>\n<meta name=\"robots\" content=\"index, follow, max-snippet:-1, max-image-preview:large, max-video-preview:-1\" \/>\n<link rel=\"canonical\" href=\"https:\/\/geo-plus.com\/da\/test-usage-for-translation\/\" \/>\n<meta property=\"og:locale\" content=\"da_DK\" \/>\n<meta property=\"og:type\" content=\"article\" \/>\n<meta property=\"og:title\" content=\"test usage for translation\" \/>\n<meta property=\"og:description\" content=\"Geo-Plus offers software solutions tailored to land and infrastructure professionals. We provide solutions for the fields of surveying, civil engineering and much more.\" \/>\n<meta property=\"og:url\" content=\"https:\/\/geo-plus.com\/da\/test-usage-for-translation\/\" \/>\n<meta property=\"og:site_name\" content=\"Geo-Plus\" \/>\n<meta property=\"article:publisher\" content=\"https:\/\/www.facebook.com\/geoplussoft\" \/>\n<meta property=\"og:image\" content=\"https:\/\/geo-plus.com\/wp-content\/uploads\/2023\/01\/Homepage-Featured-image.jpg\" \/>\n\t<meta property=\"og:image:width\" content=\"768\" \/>\n\t<meta property=\"og:image:height\" content=\"518\" \/>\n\t<meta property=\"og:image:type\" content=\"image\/jpeg\" \/>\n<meta name=\"twitter:card\" content=\"summary_large_image\" \/>\n<meta name=\"twitter:site\" content=\"@geoplussoft\" \/>\n<meta name=\"twitter:label1\" content=\"Estimeret l\u00e6setid\" \/>\n\t<meta name=\"twitter:data1\" content=\"1 minut\" \/>\n<script type=\"application\/ld+json\" class=\"yoast-schema-graph\">{\"@context\":\"https:\\\/\\\/schema.org\",\"@graph\":[{\"@type\":\"WebPage\",\"@id\":\"https:\\\/\\\/geo-plus.com\\\/en_gb\\\/test-usage-for-translation\\\/\",\"url\":\"https:\\\/\\\/geo-plus.com\\\/en_gb\\\/test-usage-for-translation\\\/\",\"name\":\"Geo-Plus | LiDAR, Land Surveying and Civil Engineering Software Solutions\",\"isPartOf\":{\"@id\":\"https:\\\/\\\/geo-plus.com\\\/#website\"},\"datePublished\":\"2023-06-16T13:35:51+00:00\",\"description\":\"Geo-Plus offers software solutions tailored to land and infrastructure professionals. We provide solutions for the fields of surveying, civil engineering and much more.\",\"breadcrumb\":{\"@id\":\"https:\\\/\\\/geo-plus.com\\\/en_gb\\\/test-usage-for-translation\\\/#breadcrumb\"},\"inLanguage\":\"da-DK\",\"potentialAction\":[{\"@type\":\"ReadAction\",\"target\":[\"https:\\\/\\\/geo-plus.com\\\/en_gb\\\/test-usage-for-translation\\\/\"]}]},{\"@type\":\"BreadcrumbList\",\"@id\":\"https:\\\/\\\/geo-plus.com\\\/en_gb\\\/test-usage-for-translation\\\/#breadcrumb\",\"itemListElement\":[{\"@type\":\"ListItem\",\"position\":1,\"name\":\"Home\",\"item\":\"https:\\\/\\\/geo-plus.com\\\/\"},{\"@type\":\"ListItem\",\"position\":2,\"name\":\"test usage for translation\"}]},{\"@type\":\"WebSite\",\"@id\":\"https:\\\/\\\/geo-plus.com\\\/#website\",\"url\":\"https:\\\/\\\/geo-plus.com\\\/\",\"name\":\"Geo-Plus\",\"description\":\"Geo-Plus | LiDAR, Land Surveying and Civil Engineering Software Solutions\",\"publisher\":{\"@id\":\"https:\\\/\\\/geo-plus.com\\\/#organization\"},\"potentialAction\":[{\"@type\":\"SearchAction\",\"target\":{\"@type\":\"EntryPoint\",\"urlTemplate\":\"https:\\\/\\\/geo-plus.com\\\/?s={search_term_string}\"},\"query-input\":{\"@type\":\"PropertyValueSpecification\",\"valueRequired\":true,\"valueName\":\"search_term_string\"}}],\"inLanguage\":\"da-DK\"},{\"@type\":\"Organization\",\"@id\":\"https:\\\/\\\/geo-plus.com\\\/#organization\",\"name\":\"Geo-Plus\",\"alternateName\":\"Geo-Plus\",\"url\":\"https:\\\/\\\/geo-plus.com\\\/\",\"logo\":{\"@type\":\"ImageObject\",\"inLanguage\":\"da-DK\",\"@id\":\"https:\\\/\\\/geo-plus.com\\\/#\\\/schema\\\/logo\\\/image\\\/\",\"url\":\"https:\\\/\\\/geo-plus.com\\\/wp-content\\\/uploads\\\/2023\\\/03\\\/Geo-Plus-SVG-Logo.svg\",\"contentUrl\":\"https:\\\/\\\/geo-plus.com\\\/wp-content\\\/uploads\\\/2023\\\/03\\\/Geo-Plus-SVG-Logo.svg\",\"caption\":\"Geo-Plus\"},\"image\":{\"@id\":\"https:\\\/\\\/geo-plus.com\\\/#\\\/schema\\\/logo\\\/image\\\/\"},\"sameAs\":[\"https:\\\/\\\/www.facebook.com\\\/geoplussoft\",\"https:\\\/\\\/x.com\\\/geoplussoft\",\"https:\\\/\\\/www.tiktok.com\\\/@geoplussoft\",\"https:\\\/\\\/www.instagram.com\\\/geoplussoft\",\"https:\\\/\\\/www.linkedin.com\\\/company\\\/geoplussoft\"]}]}<\/script>\n<!-- \/ Yoast SEO Premium plugin. -->","yoast_head_json":{"title":"Geo-Plus | Softwarel\u00f8sninger til LiDAR, landm\u00e5ling og civilingeni\u00f8rarbejde","description":"Geo-Plus tilbyder softwarel\u00f8sninger, der er skr\u00e6ddersyet til fagfolk inden for jord og infrastruktur. Vi leverer l\u00f8sninger til opm\u00e5ling, anl\u00e6gsarbejde og meget mere.","robots":{"index":"index","follow":"follow","max-snippet":"max-snippet:-1","max-image-preview":"max-image-preview:large","max-video-preview":"max-video-preview:-1"},"canonical":"https:\/\/geo-plus.com\/da\/test-usage-for-translation\/","og_locale":"da_DK","og_type":"article","og_title":"test usage for translation","og_description":"Geo-Plus offers software solutions tailored to land and infrastructure professionals. We provide solutions for the fields of surveying, civil engineering and much more.","og_url":"https:\/\/geo-plus.com\/da\/test-usage-for-translation\/","og_site_name":"Geo-Plus","article_publisher":"https:\/\/www.facebook.com\/geoplussoft","og_image":[{"width":768,"height":518,"url":"https:\/\/geo-plus.com\/wp-content\/uploads\/2023\/01\/Homepage-Featured-image.jpg","type":"image\/jpeg"}],"twitter_card":"summary_large_image","twitter_site":"@geoplussoft","twitter_misc":{"Estimeret l\u00e6setid":"1 minut"},"schema":{"@context":"https:\/\/schema.org","@graph":[{"@type":"WebPage","@id":"https:\/\/geo-plus.com\/en_gb\/test-usage-for-translation\/","url":"https:\/\/geo-plus.com\/en_gb\/test-usage-for-translation\/","name":"Geo-Plus | Softwarel\u00f8sninger til LiDAR, landm\u00e5ling og civilingeni\u00f8rarbejde","isPartOf":{"@id":"https:\/\/geo-plus.com\/#website"},"datePublished":"2023-06-16T13:35:51+00:00","description":"Geo-Plus tilbyder softwarel\u00f8sninger, der er skr\u00e6ddersyet til fagfolk inden for jord og infrastruktur. Vi leverer l\u00f8sninger til opm\u00e5ling, anl\u00e6gsarbejde og meget mere.","breadcrumb":{"@id":"https:\/\/geo-plus.com\/en_gb\/test-usage-for-translation\/#breadcrumb"},"inLanguage":"da-DK","potentialAction":[{"@type":"ReadAction","target":["https:\/\/geo-plus.com\/en_gb\/test-usage-for-translation\/"]}]},{"@type":"BreadcrumbList","@id":"https:\/\/geo-plus.com\/en_gb\/test-usage-for-translation\/#breadcrumb","itemListElement":[{"@type":"ListItem","position":1,"name":"Home","item":"https:\/\/geo-plus.com\/"},{"@type":"ListItem","position":2,"name":"test usage for translation"}]},{"@type":"WebSite","@id":"https:\/\/geo-plus.com\/#website","url":"https:\/\/geo-plus.com\/","name":"Geo-Plus","description":"Geo-Plus | Softwarel\u00f8sninger til LiDAR, landm\u00e5ling og civilingeni\u00f8rarbejde","publisher":{"@id":"https:\/\/geo-plus.com\/#organization"},"potentialAction":[{"@type":"SearchAction","target":{"@type":"EntryPoint","urlTemplate":"https:\/\/geo-plus.com\/?s={search_term_string}"},"query-input":{"@type":"PropertyValueSpecification","valueRequired":true,"valueName":"search_term_string"}}],"inLanguage":"da-DK"},{"@type":"Organization","@id":"https:\/\/geo-plus.com\/#organization","name":"Geo-Plus","alternateName":"Geo-Plus","url":"https:\/\/geo-plus.com\/","logo":{"@type":"ImageObject","inLanguage":"da-DK","@id":"https:\/\/geo-plus.com\/#\/schema\/logo\/image\/","url":"https:\/\/geo-plus.com\/wp-content\/uploads\/2023\/03\/Geo-Plus-SVG-Logo.svg","contentUrl":"https:\/\/geo-plus.com\/wp-content\/uploads\/2023\/03\/Geo-Plus-SVG-Logo.svg","caption":"Geo-Plus"},"image":{"@id":"https:\/\/geo-plus.com\/#\/schema\/logo\/image\/"},"sameAs":["https:\/\/www.facebook.com\/geoplussoft","https:\/\/x.com\/geoplussoft","https:\/\/www.tiktok.com\/@geoplussoft","https:\/\/www.instagram.com\/geoplussoft","https:\/\/www.linkedin.com\/company\/geoplussoft"]}]}},"jetpack_likes_enabled":true,"jetpack_sharing_enabled":true,"jetpack_shortlink":"https:\/\/wp.me\/PemK1o-92I","jetpack-related-posts":[],"_links":{"self":[{"href":"https:\/\/geo-plus.com\/da\/wp-json\/wp\/v2\/pages\/34764","targetHints":{"allow":["GET"]}}],"collection":[{"href":"https:\/\/geo-plus.com\/da\/wp-json\/wp\/v2\/pages"}],"about":[{"href":"https:\/\/geo-plus.com\/da\/wp-json\/wp\/v2\/types\/page"}],"author":[{"embeddable":true,"href":"https:\/\/geo-plus.com\/da\/wp-json\/wp\/v2\/users\/228097081"}],"replies":[{"embeddable":true,"href":"https:\/\/geo-plus.com\/da\/wp-json\/wp\/v2\/comments?post=34764"}],"version-history":[{"count":1,"href":"https:\/\/geo-plus.com\/da\/wp-json\/wp\/v2\/pages\/34764\/revisions"}],"predecessor-version":[{"id":34765,"href":"https:\/\/geo-plus.com\/da\/wp-json\/wp\/v2\/pages\/34764\/revisions\/34765"}],"wp:attachment":[{"href":"https:\/\/geo-plus.com\/da\/wp-json\/wp\/v2\/media?parent=34764"}],"curies":[{"name":"wp","href":"https:\/\/api.w.org\/{rel}","templated":true}]}}