{"id":3217,"date":"2022-12-20T14:19:26","date_gmt":"2022-12-20T14:19:26","guid":{"rendered":"https:\/\/geo-plus.com\/?page_id=3217"},"modified":"2024-06-20T09:06:10","modified_gmt":"2024-06-20T13:06:10","slug":"cadastral-renovation-software","status":"publish","type":"page","link":"https:\/\/geo-plus.com\/es\/visionreno-software-reno-catastro\/","title":{"rendered":"Visi\u00f3n Reno"},"content":{"rendered":"<div class=\"alignfull blockart-section blockart-section-5942a073 alignfull\"><div class=\"blockart-overlay\"><\/div><div class=\"blockart-container\"><div class=\"blockart-section-inner blockart-height-fit-to-screen\">\n<div class=\"blockart-column blockart-column-3b7c77ab\"><div class=\"blockart-column-inner is-vertical justify-right align-center is-flex\">\n<figure class=\"wp-block-image size-large is-resized\"><img decoding=\"async\" src=\"https:\/\/geo-plus.com\/wp-content\/uploads\/2024\/06\/Asset-242.svg\" alt=\"\" class=\"wp-image-39114\" style=\"object-fit:cover;width:150px;height:150px\"\/><\/figure>\n\n\n\n<h1 class=\"blockart-heading blockart-heading-76c64932\">VisionReno - Software de renovaci\u00f3n catastral<\/h1>\n\n\n\n<h5 class=\"blockart-heading blockart-heading-56db3292\">VisionReno simplifica la renovaci\u00f3n catastral facilitando el intercambio de datos, adapt\u00e1ndose a los cambios del sector con eficacia. Automatiza las tareas para mejorar la productividad, permitiendo centrarse en actividades cruciales. VisionReno, que se puede personalizar en funci\u00f3n de las necesidades espec\u00edficas, optimiza el flujo de trabajo con funciones como la gesti\u00f3n de parcelas conformes, la renumeraci\u00f3n de notificaciones y la creaci\u00f3n autom\u00e1tica de tablas de ampliaci\u00f3n.<\/h5>\n\n\n\n<div class=\"blockart-buttons blockart-buttons-66d36fb2 is-wrap justify-center\">\n<div class=\"blockart-button blockart-button-06727ccf\"><a class=\"blockart-button-link is-custom is-style-filled\" href=\"#Features\"><span class=\"blockart-button-icon\"><svg width=\"24\" height=\"24\" xmlns=\"http:\/\/www.w3.org\/2000\/svg\" viewbox=\"0 0 24 24\" class=\"blockart-icon\" aria-hidden=\"true\"><path d=\"M21.6 8.6l-.3-.3-9.1-6c-.3-.2-.6-.2-.9 0l-9.1 6c0 .1-.1.2-.2.3v6.5c0 .2 0 .3.2.4.1.1.2.2.3.2l9.1 6c.1.1.3.2.4.2s.3-.1.4-.2l9.1-6 .3-.3c.1-.2.2-.3.2-.4V9c-.2-.1-.3-.3-.4-.4zm-8.9-4.1l6.9 4.6-3.2 2.1-3.7-2.5c-.1-.1 0-4.2 0-4.2zm-1.6 0v4.2l-3.7 2.5L4.3 9l6.8-4.5zm-7.5 6L6 12.1l-2.4 1.6v-3.2zm7.5 9.2l-6.9-4.6L7.4 13l3.7 2.5v4.2zm.8-5.6L8.8 12l3.1-2.1L15 12l-3.1 2.1zm.8 5.6v-4.3l3.7-2.5 3.2 2.2-6.9 4.6zm7.5-6l-2.4-1.6 2.4-1.6v3.2z\"><\/path><\/svg><\/span>saber m\u00e1s<\/a><\/div>\n\n\n\n<div class=\"blockart-button blockart-button-ab589026\"><a class=\"blockart-button-link is-custom is-style-filled\" href=\"https:\/\/geo-plus.com\/es\/contact\/#Form\"><span class=\"blockart-button-icon\"><svg width=\"24\" height=\"24\" xmlns=\"http:\/\/www.w3.org\/2000\/svg\" viewbox=\"0 0 24 24\" class=\"blockart-icon\" aria-hidden=\"true\"><path d=\"M21.6 8.6l-.3-.3-9.1-6c-.3-.2-.6-.2-.9 0l-9.1 6c0 .1-.1.2-.2.3v6.5c0 .2 0 .3.2.4.1.1.2.2.3.2l9.1 6c.1.1.3.2.4.2s.3-.1.4-.2l9.1-6 .3-.3c.1-.2.2-.3.2-.4V9c-.2-.1-.3-.3-.4-.4zm-8.9-4.1l6.9 4.6-3.2 2.1-3.7-2.5c-.1-.1 0-4.2 0-4.2zm-1.6 0v4.2l-3.7 2.5L4.3 9l6.8-4.5zm-7.5 6L6 12.1l-2.4 1.6v-3.2zm7.5 9.2l-6.9-4.6L7.4 13l3.7 2.5v4.2zm.8-5.6L8.8 12l3.1-2.1L15 12l-3.1 2.1zm.8 5.6v-4.3l3.7-2.5 3.2 2.2-6.9 4.6zm7.5-6l-2.4-1.6 2.4-1.6v3.2z\"><\/path><\/svg><\/span>Contacta con nosotros<\/a><\/div>\n<\/div>\n<\/div><\/div>\n<\/div><\/div><\/div>\n\n\n\n\n\n<div class=\"alignfull blockart-section blockart-section-7255834d alignfull\"><div class=\"blockart-container\"><div class=\"blockart-section-inner\">\n<div class=\"blockart-column blockart-column-d37b9b8c\"><div class=\"blockart-column-inner\">\n<script src=\"https:\/\/cdn.lordicon.com\/ritcuqlt.js\"><\/script>\n<lord-icon\n    src=\"https:\/\/cdn.lordicon.com\/sayrryhe.json\"\n    trigger=\"hover\"\n    colors=\"primary:#4be1ec,secondary:#00f5d4\"\n    style=\"width:200px;height:200px\">\n<\/lord-icon>\n\n\n\n<h2 class=\"wp-block-heading has-text-color has-montserrat-font-family\" id=\"h-streamline-with-visionreno\" style=\"color:#05003a;font-size:29px;font-style:normal;font-weight:800\">Racionalice con VisionReno<\/h2>\n\n\n\n<p class=\"wp-block-paragraph\">Al utilizar VisionReno, el software de renovaci\u00f3n de parcelas, puede agilizar su proceso de renovaci\u00f3n catastral intercambiando datos entre software y adapt\u00e1ndose f\u00e1cilmente a los cambios del sector. Esto permite un flujo de trabajo m\u00e1s eficaz y rentable.<\/p>\n<\/div><\/div>\n\n\n\n<div class=\"blockart-column blockart-column-58ac57cb\"><div class=\"blockart-column-inner\">\n<script src=\"https:\/\/cdn.lordicon.com\/ritcuqlt.js\"><\/script>\n<lord-icon\n    src=\"https:\/\/cdn.lordicon.com\/ymhhgnhu.json\"\n    trigger=\"hover\"\n    colors=\"primary:#4be1ec,secondary:#00f5d4\"\n    style=\"width:200px;height:200px\">\n<\/lord-icon>\n\n\n\n<h2 class=\"wp-block-heading has-text-color has-montserrat-font-family\" id=\"h-automate-using-visionreno\" style=\"color:#05003a;font-size:29px;font-style:normal;font-weight:800\">Automatizar con VisionReno<\/h2>\n\n\n\n<p class=\"wp-block-paragraph\">VisionReno ofrece varias funciones de automatizaci\u00f3n para simplificar su carga de trabajo, liberando tiempo para tareas m\u00e1s importantes. Con la capacidad de automatizar procesos repetitivos, puede mejorar significativamente su \u00edndice de productividad.<\/p>\n<\/div><\/div>\n\n\n\n<div class=\"blockart-column blockart-column-dfe82d9d\"><div class=\"blockart-column-inner\">\n<script src=\"https:\/\/cdn.lordicon.com\/ritcuqlt.js\"><\/script>\n<lord-icon\n    src=\"https:\/\/cdn.lordicon.com\/fxylrfia.json\"\n    trigger=\"hover\"\n    colors=\"primary:#4be1ec,secondary:#00f5d4\"\n    style=\"width:200px;height:200px\">\n<\/lord-icon>\n\n\n\n<h2 class=\"wp-block-heading has-text-color has-montserrat-font-family\" id=\"h-customize-with-visionreno\" style=\"color:#05003a;font-size:29px;font-style:normal;font-weight:800\">Personalizar con VisionReno<\/h2>\n\n\n\n<p class=\"wp-block-paragraph\">VisionReno le permite personalizar el software para satisfacer sus necesidades y preferencias espec\u00edficas. Esto garantiza que el software se adapte a su entorno de trabajo espec\u00edfico, permitiendo la m\u00e1xima eficiencia y eficacia.<\/p>\n<\/div><\/div>\n<\/div><\/div><\/div>\n\n\n\n<div id=\"Software\" class=\"blockart-section blockart-section-4f761da9\"><div class=\"blockart-container\"><div class=\"blockart-section-inner\">\n<div class=\"blockart-column blockart-column-444e15a7\"><div class=\"blockart-column-inner\"><\/div><\/div>\n\n\n\n<div id=\"\" class=\"blockart-column blockart-column-a9f170e8\"><div class=\"blockart-column-inner\">\n<figure class=\"blockart-image blockart-image-45d57504\"><img decoding=\"async\" class=\"wp-image-35072 hover-effect-static filter-none mask mask-none\" src=\"https:\/\/geo-plus.com\/wp-content\/uploads\/2023\/07\/Asset-290.svg\" alt=\"Logotipo de la herramienta de renovaci\u00f3n de parcelas VisionReno\"\/><\/figure>\n\n\n\n<h2 id=\"\" class=\"blockart-heading blockart-heading-2a7ba8c6\">P\u00f3ngase en contacto con nosotros y optimice utilizando nuestro software de renovaci\u00f3n de parcelas<\/h2>\n\n\n\n<p class=\"blockart-paragraph blockart-paragraph-8ec86dd9\">\u00bfQuiere dar el siguiente paso con VisionReno? Solicite un presupuesto hoy mismo y compruebe c\u00f3mo nuestro software puede agilizar su proceso de renovaci\u00f3n catastral y mejorar la productividad. Nuestro equipo de expertos trabajar\u00e1 con usted para crear una soluci\u00f3n personalizada que se adapte a sus necesidades espec\u00edficas. Con VisionReno, puede simplificar su carga de trabajo y reducir los costes operativos. No lo dude, p\u00f3ngase en contacto con nosotros ahora y experimente las ventajas del software m\u00e1s avanzado del mercado.<\/p>\n<\/div><\/div>\n\n\n\n<div class=\"blockart-column blockart-column-23cbc225\"><div class=\"blockart-column-inner\"><\/div><\/div>\n<\/div><\/div><\/div>\n\n\n\n<div id=\"Software\" class=\"blockart-section blockart-section-e8b57109\"><div class=\"blockart-container\"><div class=\"blockart-section-inner\">\n<div class=\"blockart-column blockart-column-d94050ca\"><div class=\"blockart-column-inner\"><\/div><\/div>\n\n\n\n<div id=\"\" class=\"blockart-column blockart-column-569834be\"><div class=\"blockart-column-inner\">\n<div class=\"blockart-buttons blockart-buttons-32c553b4 is-wrap is-horizontal justify-center\">\n<div class=\"blockart-button blockart-button-8c23df6a\"><a class=\"blockart-button-link is-custom is-style-filled\" href=\"https:\/\/geo-plus.com\/es\/contact\/#form\"><span class=\"blockart-button-icon\"><svg width=\"24\" height=\"24\" xmlns=\"http:\/\/www.w3.org\/2000\/svg\" viewbox=\"0 0 24 24\" class=\"blockart-icon\" aria-hidden=\"true\"><path d=\"M21.8 7.3c-.2-.3-.5-.4-.8-.4H7.3L6.2 4.2C5.8 3.4 5.1 3 4.4 3H2v2h2.3L9 16.3c.2.3.5.6 1 .6h8c.4 0 .8-.3 1-.6l2.9-8c.1-.3 0-.6-.1-1zm-4.5 7.6h-6.6L8.2 9h11.3l-2.2 5.9z\"><\/path><circle cx=\"10.5\" cy=\"19.5\" r=\"1.5\"><\/circle><circle cx=\"17.4\" cy=\"19.5\" r=\"1.5\"><\/circle><\/svg><\/span>EMPIECE AHORA<\/a><\/div>\n<\/div>\n\n\n\n<div class=\"blockart-buttons blockart-buttons-ac2e6a53 is-wrap is-horizontal justify-center\">\n<div class=\"blockart-button blockart-button-a066f93f\"><a class=\"blockart-button-link is-custom is-style-filled\" href=\"https:\/\/www.linkedin.com\/company\/geoplussoft\/\" target=\"_blank\" rel=\"noopener\"><span class=\"blockart-button-icon\"><svg width=\"24\" height=\"24\" xmlns=\"http:\/\/www.w3.org\/2000\/svg\" viewbox=\"0 0 24 24\" class=\"blockart-icon\" aria-hidden=\"true\"><path d=\"M6.6 4.9C6.6 6 5.6 7 4.3 7 3 6.9 2.1 6 2.1 4.9s1-2.1 2.3-2.1c1.3 0 2.2.9 2.2 2.1zM2.1 21h4.6V8.2H2.1V21zM17 7.9c-2.2 0-3.3 1.2-3.8 2.2V8.2H8.9C9 9.4 8.9 21 8.9 21h4.2v-7.1c0-.4 0-.8.2-1 .3-.8 1-1.6 2.2-1.6 1.6 0 2.2 1.1 2.2 2.9v6.9H22v-7.6c-.1-3.8-2.1-5.6-5-5.6z\" fill-rule=\"evenodd\" clip-rule=\"evenodd\"><\/path><\/svg><\/span>s\u00edguenos en linkedin y mantente al tanto de las \u00faltimas noticias de visionreno.<\/a><\/div>\n<\/div>\n<\/div><\/div>\n\n\n\n<div class=\"blockart-column blockart-column-35495a2d\"><div class=\"blockart-column-inner\"><\/div><\/div>\n<\/div><\/div><\/div>\n\n\n\n<div id=\"Features\" class=\"blockart-section blockart-section-b21d3200\"><div class=\"blockart-overlay\"><\/div><div class=\"blockart-container\"><div class=\"blockart-section-inner\">\n<div class=\"blockart-column blockart-column-da468c46\"><div class=\"blockart-column-inner\">\n<h1 class=\"blockart-heading blockart-heading-58c48221\">Una mirada en profundidad a las caracter\u00edsticas de VisionReno<\/h1>\n\n\n\n<h2 class=\"blockart-heading blockart-heading-063f7f76 is-small\"><strong><em>Optimice sus documentos de renovaci\u00f3n catastral s\u00f3lo con VisionReno<\/em><\/strong><\/h2>\n\n\n\n<div class=\"blockart-section blockart-section-c58ae481\"><div class=\"blockart-container\"><div class=\"blockart-section-inner\">\n<div class=\"blockart-column blockart-column-5ba3dfc1\"><div class=\"blockart-column-inner\">\n<div class=\"blockart-section blockart-section-62a34ddd\"><div class=\"blockart-container\"><div class=\"blockart-section-inner\">\n<div class=\"blockart-column blockart-column-1fcd09b3\"><div class=\"blockart-column-inner\">\n<h3 class=\"blockart-heading blockart-heading-270214b9\">Parzellenverwaltung<\/h3>\n\n\n\n<p class=\"blockart-paragraph blockart-paragraph-8feb9052\">Crear y dibujar parcelas en el plano digital de renovaci\u00f3n catastral de acuerdo con el manual de instrucciones del Ministerio de Recursos Naturales.<\/p>\n<\/div><\/div>\n\n\n\n<div class=\"blockart-column blockart-column-1bb09218\"><div class=\"blockart-column-inner\">\n<h3 class=\"blockart-heading blockart-heading-90ea9c7e\">Avisos de renumeraci\u00f3n<\/h3>\n\n\n\n<p class=\"blockart-paragraph blockart-paragraph-9d35319e\">Vuelva a numerar todos los avisos personalizados y mant\u00e9ngalos en orden ascendente.<\/p>\n<\/div><\/div>\n\n\n\n<div class=\"blockart-column blockart-column-060319ee\"><div class=\"blockart-column-inner\">\n<h3 class=\"blockart-heading blockart-heading-338aa2a7\">Junta de ampliaci\u00f3n<\/h3>\n\n\n\n<p class=\"blockart-paragraph blockart-paragraph-49381a00\">Creaci\u00f3n autom\u00e1tica de tableros de ampliaci\u00f3n a partir del plano digital de la renovaci\u00f3n catastral.<\/p>\n<\/div><\/div>\n<\/div><\/div><\/div>\n<\/div><\/div>\n<\/div><\/div><\/div>\n<\/div><\/div>\n<\/div><\/div><\/div>\n\n\n\n<div class=\"blockart-section blockart-section-55ae36de\"><div class=\"blockart-container\"><div class=\"blockart-section-inner\">\n<div class=\"blockart-column blockart-column-e1abc427\"><div class=\"blockart-column-inner\"><\/div><\/div>\n\n\n\n<div class=\"blockart-column blockart-column-3609af6a\"><div class=\"blockart-column-inner\">\n<h2 class=\"blockart-heading blockart-heading-4bd27183\">\u00bfQui\u00e9n utiliza VisionReno, el programa inform\u00e1tico de renovaci\u00f3n catastral?<\/h2>\n\n\n\n<p class=\"blockart-paragraph blockart-paragraph-06153468\">Descubra m\u00e1s sobre las empresas que conf\u00edan en nuestro software para sus proyectos. Desde peque\u00f1os negocios hasta grandes empresas, estas compa\u00f1\u00edas conf\u00edan en nuestro software para mejorar su flujo de trabajo, aumentar la productividad y alcanzar sus objetivos.<\/p>\n<\/div><\/div>\n\n\n\n<div class=\"blockart-column blockart-column-e638cb1f\"><div class=\"blockart-column-inner\"><\/div><\/div>\n<\/div><\/div><\/div>\n\n\n\n<div class=\"blockart-spacing blockart-spacing-9b6dfb30\"><div class=\"blockart-spacing-inner\"><\/div><\/div>\n\n\n\n<div class=\"wp-block-lcb-logo-carousel alcb__b6b261fc\"><div dir=\"ltr\" class=\"alcb__carousel_container swiper\" data-desktop=\"3\" data-tablet=\"2\" data-mobile=\"1\" data-autoplay=\"true\" data-autoplaydelay=\"1100\" data-autoplaydirection=\"false\" data-speed=\"700\" data-loop=\"true\" data-pauseonhover=\"true\" data-keyboard=\"false\" data-mousewheel=\"false\" data-autoheight=\"false\" data-deskspace=\"57\" data-tabspace=\"20\" data-phonespace=\"10\" data-id=\"alcb__b6b261fc\" data-pagination=\"false\" data-navigation=\"false\" id=\"alcb__b6b261fc\"><div class=\"swiper-wrapper\"><div class=\"swiper-slide alcb__logo-item\" style=\"border: 0 solid #F6F6F6;border-radius:0px\"><div class=\"alcb__logo-image  alcb__none\"><img decoding=\"async\" src=\"https:\/\/geo-plus.com\/wp-content\/uploads\/2023\/01\/ECCE-TErra-300x121-1-220x100-1.png\" alt=\"VisionReno herramienta de renovaci\u00f3n de parcelas cliente ecce terra\" id=\"4833\"\/><\/div><\/div><div class=\"swiper-slide alcb__logo-item\" style=\"border: 0 solid #F6F6F6;border-radius:0px\"><div class=\"alcb__logo-image  alcb__none\"><img decoding=\"async\" src=\"https:\/\/geo-plus.com\/wp-content\/uploads\/2023\/01\/GEOMATIQUE-BLP-300x121-1-220x100-1.png\" alt=\"VisionReno cliente Geomatique BLP\" id=\"4834\"\/><\/div><\/div><div class=\"swiper-slide alcb__logo-item\" style=\"border: 0 solid #F6F6F6;border-radius:0px\"><div class=\"alcb__logo-image  alcb__none\"><img decoding=\"async\" src=\"https:\/\/geo-plus.com\/wp-content\/uploads\/2023\/01\/Tremblay-laliberte-300x121-1-220x100-1.png\" alt=\"Tremblay Laliberte, cliente de VisionReno\" id=\"4835\"\/><\/div><\/div><\/div><\/div><\/div>\n\n\n\n<!-- Google tag (gtag.js) -->\n<script async=\"\" src=\"https:\/\/www.googletagmanager.com\/gtag\/js?id=UA-240226420-1\"><\/script>\n<script>\n  window.dataLayer = window.dataLayer || [];\n  function gtag(){dataLayer.push(arguments);}\n  gtag('js', new Date());\n\n  gtag('config', 'UA-240226420-1');\n<\/script>","protected":false},"excerpt":{"rendered":"","protected":false},"author":228097081,"featured_media":8323,"parent":0,"menu_order":0,"comment_status":"closed","ping_status":"closed","template":"","meta":{"_crdt_document":"","inline_featured_image":false,"jetpack_post_was_ever_published":false,"footnotes":""},"class_list":["post-3217","page","type-page","status-publish","has-post-thumbnail","hentry"],"yoast_head":"<!-- This site is optimized with the Yoast SEO Premium plugin v22.8 (Yoast SEO v27.3) - https:\/\/yoast.com\/product\/yoast-seo-premium-wordpress\/ -->\n<title>Cadastral Renovation Software - VisionReno<\/title>\n<meta name=\"description\" content=\"Simplify, reduce costs, and optimize cadastral and land parcel renovation with VisionReno Software. Compliant with ministerial standards.\" \/>\n<meta name=\"robots\" content=\"index, follow, max-snippet:-1, max-image-preview:large, max-video-preview:-1\" \/>\n<link rel=\"canonical\" href=\"https:\/\/geo-plus.com\/es\/visionreno-software-reno-catastro\/\" \/>\n<meta property=\"og:locale\" content=\"es_ES\" \/>\n<meta property=\"og:type\" content=\"article\" \/>\n<meta property=\"og:title\" content=\"Vision Reno\" \/>\n<meta property=\"og:description\" content=\"Simplify, reduce costs, and optimize cadastral and land parcel renovation with VisionReno Software. Compliant with ministerial standards.\" \/>\n<meta property=\"og:url\" content=\"https:\/\/geo-plus.com\/es\/visionreno-software-reno-catastro\/\" \/>\n<meta property=\"og:site_name\" content=\"Geo-Plus\" \/>\n<meta property=\"article:publisher\" content=\"https:\/\/www.facebook.com\/geoplussoft\" \/>\n<meta property=\"article:modified_time\" content=\"2024-06-20T13:06:10+00:00\" \/>\n<meta property=\"og:image\" content=\"https:\/\/geo-plus.com\/wp-content\/uploads\/2023\/04\/ren.jpg\" \/>\n\t<meta property=\"og:image:width\" content=\"960\" \/>\n\t<meta property=\"og:image:height\" content=\"540\" \/>\n\t<meta property=\"og:image:type\" content=\"image\/jpeg\" \/>\n<meta name=\"twitter:card\" content=\"summary_large_image\" \/>\n<meta name=\"twitter:site\" content=\"@geoplussoft\" \/>\n<meta name=\"twitter:label1\" content=\"Tiempo de lectura\" \/>\n\t<meta name=\"twitter:data1\" content=\"3 minutos\" \/>\n<script type=\"application\/ld+json\" class=\"yoast-schema-graph\">{\"@context\":\"https:\\\/\\\/schema.org\",\"@graph\":[{\"@type\":\"WebPage\",\"@id\":\"https:\\\/\\\/geo-plus.com\\\/cadastral-renovation-software\\\/\",\"url\":\"https:\\\/\\\/geo-plus.com\\\/cadastral-renovation-software\\\/\",\"name\":\"Cadastral Renovation Software - VisionReno\",\"isPartOf\":{\"@id\":\"https:\\\/\\\/geo-plus.com\\\/#website\"},\"primaryImageOfPage\":{\"@id\":\"https:\\\/\\\/geo-plus.com\\\/cadastral-renovation-software\\\/#primaryimage\"},\"image\":{\"@id\":\"https:\\\/\\\/geo-plus.com\\\/cadastral-renovation-software\\\/#primaryimage\"},\"thumbnailUrl\":\"https:\\\/\\\/geo-plus.com\\\/wp-content\\\/uploads\\\/2023\\\/04\\\/ren.jpg\",\"datePublished\":\"2022-12-20T14:19:26+00:00\",\"dateModified\":\"2024-06-20T13:06:10+00:00\",\"description\":\"Simplify, reduce costs, and optimize cadastral and land parcel renovation with VisionReno Software. Compliant with ministerial standards.\",\"breadcrumb\":{\"@id\":\"https:\\\/\\\/geo-plus.com\\\/cadastral-renovation-software\\\/#breadcrumb\"},\"inLanguage\":\"es\",\"potentialAction\":[{\"@type\":\"ReadAction\",\"target\":[\"https:\\\/\\\/geo-plus.com\\\/cadastral-renovation-software\\\/\"]}]},{\"@type\":\"ImageObject\",\"inLanguage\":\"es\",\"@id\":\"https:\\\/\\\/geo-plus.com\\\/cadastral-renovation-software\\\/#primaryimage\",\"url\":\"https:\\\/\\\/geo-plus.com\\\/wp-content\\\/uploads\\\/2023\\\/04\\\/ren.jpg\",\"contentUrl\":\"https:\\\/\\\/geo-plus.com\\\/wp-content\\\/uploads\\\/2023\\\/04\\\/ren.jpg\",\"width\":960,\"height\":540},{\"@type\":\"BreadcrumbList\",\"@id\":\"https:\\\/\\\/geo-plus.com\\\/cadastral-renovation-software\\\/#breadcrumb\",\"itemListElement\":[{\"@type\":\"ListItem\",\"position\":1,\"name\":\"Home\",\"item\":\"https:\\\/\\\/geo-plus.com\\\/\"},{\"@type\":\"ListItem\",\"position\":2,\"name\":\"Vision Reno\"}]},{\"@type\":\"WebSite\",\"@id\":\"https:\\\/\\\/geo-plus.com\\\/#website\",\"url\":\"https:\\\/\\\/geo-plus.com\\\/\",\"name\":\"Geo-Plus\",\"description\":\"Geo-Plus | LiDAR, Land Surveying and Civil Engineering Software Solutions\",\"publisher\":{\"@id\":\"https:\\\/\\\/geo-plus.com\\\/#organization\"},\"potentialAction\":[{\"@type\":\"SearchAction\",\"target\":{\"@type\":\"EntryPoint\",\"urlTemplate\":\"https:\\\/\\\/geo-plus.com\\\/?s={search_term_string}\"},\"query-input\":{\"@type\":\"PropertyValueSpecification\",\"valueRequired\":true,\"valueName\":\"search_term_string\"}}],\"inLanguage\":\"es\"},{\"@type\":\"Organization\",\"@id\":\"https:\\\/\\\/geo-plus.com\\\/#organization\",\"name\":\"Geo-Plus\",\"alternateName\":\"Geo-Plus\",\"url\":\"https:\\\/\\\/geo-plus.com\\\/\",\"logo\":{\"@type\":\"ImageObject\",\"inLanguage\":\"es\",\"@id\":\"https:\\\/\\\/geo-plus.com\\\/#\\\/schema\\\/logo\\\/image\\\/\",\"url\":\"https:\\\/\\\/geo-plus.com\\\/wp-content\\\/uploads\\\/2023\\\/03\\\/Geo-Plus-SVG-Logo.svg\",\"contentUrl\":\"https:\\\/\\\/geo-plus.com\\\/wp-content\\\/uploads\\\/2023\\\/03\\\/Geo-Plus-SVG-Logo.svg\",\"caption\":\"Geo-Plus\"},\"image\":{\"@id\":\"https:\\\/\\\/geo-plus.com\\\/#\\\/schema\\\/logo\\\/image\\\/\"},\"sameAs\":[\"https:\\\/\\\/www.facebook.com\\\/geoplussoft\",\"https:\\\/\\\/x.com\\\/geoplussoft\",\"https:\\\/\\\/www.tiktok.com\\\/@geoplussoft\",\"https:\\\/\\\/www.instagram.com\\\/geoplussoft\",\"https:\\\/\\\/www.linkedin.com\\\/company\\\/geoplussoft\"]}]}<\/script>\n<!-- \/ Yoast SEO Premium plugin. -->","yoast_head_json":{"title":"Software de renovaci\u00f3n catastral - VisionReno","description":"Simplifique, reduzca costes y optimice la renovaci\u00f3n catastral y parcelaria con el software VisionReno. Conforme a las normas ministeriales.","robots":{"index":"index","follow":"follow","max-snippet":"max-snippet:-1","max-image-preview":"max-image-preview:large","max-video-preview":"max-video-preview:-1"},"canonical":"https:\/\/geo-plus.com\/es\/visionreno-software-reno-catastro\/","og_locale":"es_ES","og_type":"article","og_title":"Vision Reno","og_description":"Simplify, reduce costs, and optimize cadastral and land parcel renovation with VisionReno Software. Compliant with ministerial standards.","og_url":"https:\/\/geo-plus.com\/es\/visionreno-software-reno-catastro\/","og_site_name":"Geo-Plus","article_publisher":"https:\/\/www.facebook.com\/geoplussoft","article_modified_time":"2024-06-20T13:06:10+00:00","og_image":[{"width":960,"height":540,"url":"https:\/\/geo-plus.com\/wp-content\/uploads\/2023\/04\/ren.jpg","type":"image\/jpeg"}],"twitter_card":"summary_large_image","twitter_site":"@geoplussoft","twitter_misc":{"Tiempo de lectura":"3 minutos"},"schema":{"@context":"https:\/\/schema.org","@graph":[{"@type":"WebPage","@id":"https:\/\/geo-plus.com\/cadastral-renovation-software\/","url":"https:\/\/geo-plus.com\/cadastral-renovation-software\/","name":"Software de renovaci\u00f3n catastral - VisionReno","isPartOf":{"@id":"https:\/\/geo-plus.com\/#website"},"primaryImageOfPage":{"@id":"https:\/\/geo-plus.com\/cadastral-renovation-software\/#primaryimage"},"image":{"@id":"https:\/\/geo-plus.com\/cadastral-renovation-software\/#primaryimage"},"thumbnailUrl":"https:\/\/geo-plus.com\/wp-content\/uploads\/2023\/04\/ren.jpg","datePublished":"2022-12-20T14:19:26+00:00","dateModified":"2024-06-20T13:06:10+00:00","description":"Simplifique, reduzca costes y optimice la renovaci\u00f3n catastral y parcelaria con el software VisionReno. Conforme a las normas ministeriales.","breadcrumb":{"@id":"https:\/\/geo-plus.com\/cadastral-renovation-software\/#breadcrumb"},"inLanguage":"es","potentialAction":[{"@type":"ReadAction","target":["https:\/\/geo-plus.com\/cadastral-renovation-software\/"]}]},{"@type":"ImageObject","inLanguage":"es","@id":"https:\/\/geo-plus.com\/cadastral-renovation-software\/#primaryimage","url":"https:\/\/geo-plus.com\/wp-content\/uploads\/2023\/04\/ren.jpg","contentUrl":"https:\/\/geo-plus.com\/wp-content\/uploads\/2023\/04\/ren.jpg","width":960,"height":540},{"@type":"BreadcrumbList","@id":"https:\/\/geo-plus.com\/cadastral-renovation-software\/#breadcrumb","itemListElement":[{"@type":"ListItem","position":1,"name":"Home","item":"https:\/\/geo-plus.com\/"},{"@type":"ListItem","position":2,"name":"Vision Reno"}]},{"@type":"WebSite","@id":"https:\/\/geo-plus.com\/#website","url":"https:\/\/geo-plus.com\/","name":"Geo-Plus","description":"Geo-Plus | LiDAR, soluciones de software de agrimensura e ingenier\u00eda civil","publisher":{"@id":"https:\/\/geo-plus.com\/#organization"},"potentialAction":[{"@type":"SearchAction","target":{"@type":"EntryPoint","urlTemplate":"https:\/\/geo-plus.com\/?s={search_term_string}"},"query-input":{"@type":"PropertyValueSpecification","valueRequired":true,"valueName":"search_term_string"}}],"inLanguage":"es"},{"@type":"Organization","@id":"https:\/\/geo-plus.com\/#organization","name":"Geo-Plus","alternateName":"Geo-Plus","url":"https:\/\/geo-plus.com\/","logo":{"@type":"ImageObject","inLanguage":"es","@id":"https:\/\/geo-plus.com\/#\/schema\/logo\/image\/","url":"https:\/\/geo-plus.com\/wp-content\/uploads\/2023\/03\/Geo-Plus-SVG-Logo.svg","contentUrl":"https:\/\/geo-plus.com\/wp-content\/uploads\/2023\/03\/Geo-Plus-SVG-Logo.svg","caption":"Geo-Plus"},"image":{"@id":"https:\/\/geo-plus.com\/#\/schema\/logo\/image\/"},"sameAs":["https:\/\/www.facebook.com\/geoplussoft","https:\/\/x.com\/geoplussoft","https:\/\/www.tiktok.com\/@geoplussoft","https:\/\/www.instagram.com\/geoplussoft","https:\/\/www.linkedin.com\/company\/geoplussoft"]}]}},"jetpack_likes_enabled":true,"jetpack_sharing_enabled":true,"jetpack_shortlink":"https:\/\/wp.me\/PemK1o-PT","jetpack-related-posts":[],"_links":{"self":[{"href":"https:\/\/geo-plus.com\/es\/wp-json\/wp\/v2\/pages\/3217","targetHints":{"allow":["GET"]}}],"collection":[{"href":"https:\/\/geo-plus.com\/es\/wp-json\/wp\/v2\/pages"}],"about":[{"href":"https:\/\/geo-plus.com\/es\/wp-json\/wp\/v2\/types\/page"}],"author":[{"embeddable":true,"href":"https:\/\/geo-plus.com\/es\/wp-json\/wp\/v2\/users\/228097081"}],"replies":[{"embeddable":true,"href":"https:\/\/geo-plus.com\/es\/wp-json\/wp\/v2\/comments?post=3217"}],"version-history":[{"count":59,"href":"https:\/\/geo-plus.com\/es\/wp-json\/wp\/v2\/pages\/3217\/revisions"}],"predecessor-version":[{"id":39145,"href":"https:\/\/geo-plus.com\/es\/wp-json\/wp\/v2\/pages\/3217\/revisions\/39145"}],"wp:featuredmedia":[{"embeddable":true,"href":"https:\/\/geo-plus.com\/es\/wp-json\/wp\/v2\/media\/8323"}],"wp:attachment":[{"href":"https:\/\/geo-plus.com\/es\/wp-json\/wp\/v2\/media?parent=3217"}],"curies":[{"name":"wp","href":"https:\/\/api.w.org\/{rel}","templated":true}]}}