{"id":3218,"date":"2022-12-20T14:17:35","date_gmt":"2022-12-20T14:17:35","guid":{"rendered":"https:\/\/geo-plus.com\/?page_id=3218"},"modified":"2024-06-20T09:05:27","modified_gmt":"2024-06-20T13:05:27","slug":"land-surveying-mobile-software","status":"publish","type":"page","link":"https:\/\/geo-plus.com\/es\/software-sincronizacion-datos-campo-visionpad\/","title":{"rendered":"Vision Pad"},"content":{"rendered":"<div class=\"alignfull blockart-section blockart-section-cacc8e25 alignfull\"><div class=\"blockart-overlay\"><\/div><div class=\"blockart-container\"><div class=\"blockart-section-inner blockart-height-fit-to-screen\">\n<div class=\"blockart-column blockart-column-0506f180\"><div class=\"blockart-column-inner is-vertical justify-right align-center is-flex\">\n<figure class=\"wp-block-image size-large is-resized\"><img decoding=\"async\" src=\"https:\/\/geo-plus.com\/wp-content\/uploads\/2024\/06\/Asset-244.svg\" alt=\"\" class=\"wp-image-39110\" style=\"object-fit:cover;width:150px;height:150px\"\/><\/figure>\n\n\n\n<h1 class=\"blockart-heading blockart-heading-e066e96c\">VisionPad - Software m\u00f3vil de topograf\u00eda<\/h1>\n\n\n\n<h5 class=\"blockart-heading blockart-heading-be7254a6\">VisionPad de Geo-Plus es un potente software m\u00f3vil de campo para topograf\u00eda que maximiza la movilidad y la eficiencia. Permite la sincronizaci\u00f3n de datos en tiempo real, admite la introducci\u00f3n de datos sin conexi\u00f3n e integra GPS RTK para un posicionamiento preciso. La interfaz f\u00e1cil de usar de VisionPad agiliza los flujos de trabajo, garantizando resultados de alta calidad con detalladas visualizaciones de mapas y precisas implementaciones de pol\u00edgonos para proyectos catastrales.<\/h5>\n\n\n\n<div class=\"blockart-buttons blockart-buttons-f11c0d28 is-wrap justify-center\">\n<div class=\"blockart-button blockart-button-cf16d39f\"><a class=\"blockart-button-link is-custom is-style-filled\" href=\"#Features\"><span class=\"blockart-button-icon\"><svg width=\"24\" height=\"24\" xmlns=\"http:\/\/www.w3.org\/2000\/svg\" viewbox=\"0 0 24 24\" class=\"blockart-icon\" aria-hidden=\"true\"><path d=\"M21.6 8.6l-.3-.3-9.1-6c-.3-.2-.6-.2-.9 0l-9.1 6c0 .1-.1.2-.2.3v6.5c0 .2 0 .3.2.4.1.1.2.2.3.2l9.1 6c.1.1.3.2.4.2s.3-.1.4-.2l9.1-6 .3-.3c.1-.2.2-.3.2-.4V9c-.2-.1-.3-.3-.4-.4zm-8.9-4.1l6.9 4.6-3.2 2.1-3.7-2.5c-.1-.1 0-4.2 0-4.2zm-1.6 0v4.2l-3.7 2.5L4.3 9l6.8-4.5zm-7.5 6L6 12.1l-2.4 1.6v-3.2zm7.5 9.2l-6.9-4.6L7.4 13l3.7 2.5v4.2zm.8-5.6L8.8 12l3.1-2.1L15 12l-3.1 2.1zm.8 5.6v-4.3l3.7-2.5 3.2 2.2-6.9 4.6zm7.5-6l-2.4-1.6 2.4-1.6v3.2z\"><\/path><\/svg><\/span>caracter\u00edsticas<\/a><\/div>\n\n\n\n<div class=\"blockart-button blockart-button-e23a8124\"><a class=\"blockart-button-link is-custom is-style-filled\" href=\"https:\/\/geo-plus.com\/es\/contact\/#Form\"><span class=\"blockart-button-icon\"><svg width=\"24\" height=\"24\" xmlns=\"http:\/\/www.w3.org\/2000\/svg\" viewbox=\"0 0 24 24\" class=\"blockart-icon\" aria-hidden=\"true\"><path d=\"M21.6 8.6l-.3-.3-9.1-6c-.3-.2-.6-.2-.9 0l-9.1 6c0 .1-.1.2-.2.3v6.5c0 .2 0 .3.2.4.1.1.2.2.3.2l9.1 6c.1.1.3.2.4.2s.3-.1.4-.2l9.1-6 .3-.3c.1-.2.2-.3.2-.4V9c-.2-.1-.3-.3-.4-.4zm-8.9-4.1l6.9 4.6-3.2 2.1-3.7-2.5c-.1-.1 0-4.2 0-4.2zm-1.6 0v4.2l-3.7 2.5L4.3 9l6.8-4.5zm-7.5 6L6 12.1l-2.4 1.6v-3.2zm7.5 9.2l-6.9-4.6L7.4 13l3.7 2.5v4.2zm.8-5.6L8.8 12l3.1-2.1L15 12l-3.1 2.1zm.8 5.6v-4.3l3.7-2.5 3.2 2.2-6.9 4.6zm7.5-6l-2.4-1.6 2.4-1.6v3.2z\"><\/path><\/svg><\/span>Contacta con nosotros<\/a><\/div>\n<\/div>\n<\/div><\/div>\n<\/div><\/div><\/div>\n\n\n\n\n\n<div class=\"alignfull blockart-section blockart-section-914a0b15 alignfull\"><div class=\"blockart-container\"><div class=\"blockart-section-inner\">\n<div class=\"blockart-column blockart-column-826631d4\"><div class=\"blockart-column-inner\">\n<script src=\"https:\/\/cdn.lordicon.com\/ritcuqlt.js\"><\/script>\n<lord-icon\n    src=\"https:\/\/cdn.lordicon.com\/brvesgsa.json\"\n    trigger=\"hover\"\n    colors=\"primary:#109121,secondary:#2ff500\"\n    style=\"width:200px;height:200px\">\n<\/lord-icon>\n\n\n\n<h2 class=\"wp-block-heading has-text-color has-montserrat-font-family\" id=\"h-enhance-mobility-with-visionpad\" style=\"color:#05003a;font-size:29px;font-style:normal;font-weight:800\">Mejore la movilidad con VisionPad<\/h2>\n\n\n\n<p class=\"wp-block-paragraph\">Lleve VisionPad, el software m\u00f3vil de campo para topograf\u00eda, al campo y experimente una movilidad sin precedentes. Maximice la eficiencia de su equipo sincronizando datos sin esfuerzo sobre la marcha, permitiendo una colaboraci\u00f3n fluida y actualizaciones en tiempo real. Tanto si se encuentra in situ como en movimiento, VisionPad le permite mantenerse conectado y productivo.<\/p>\n<\/div><\/div>\n\n\n\n<div class=\"blockart-column blockart-column-6ce18db1\"><div class=\"blockart-column-inner\">\n<script src=\"https:\/\/cdn.lordicon.com\/ritcuqlt.js\"><\/script>\n<lord-icon\n    src=\"https:\/\/cdn.lordicon.com\/pxruxqrv.json\"\n    trigger=\"hover\"\n    colors=\"primary:#109121,secondary:#2ff500\"\n    style=\"width:200px;height:200px\">\n<\/lord-icon>\n\n\n\n<h2 class=\"wp-block-heading has-text-color has-montserrat-font-family\" id=\"h-superior-performance-with-visionpad\" style=\"color:#05003a;font-size:29px;font-style:normal;font-weight:800\">Rendimiento superior con VisionPad<\/h2>\n\n\n\n<p class=\"wp-block-paragraph\">Aumente su rendimiento laboral con las funciones de vanguardia y la interfaz f\u00e1cil de usar de VisionPad. Esta potente herramienta agiliza su flujo de trabajo, permiti\u00e9ndole completar tareas con facilidad y eficiencia. Con VisionPad, puede decir adi\u00f3s a los tediosos procesos manuales y disfrutar de una experiencia de topograf\u00eda m\u00e1s productiva y agradable.<\/p>\n<\/div><\/div>\n\n\n\n<div class=\"blockart-column blockart-column-b9603beb\"><div class=\"blockart-column-inner\">\n<script src=\"https:\/\/cdn.lordicon.com\/ritcuqlt.js\"><\/script>\n<lord-icon\n    src=\"https:\/\/cdn.lordicon.com\/tpcknmof.json\"\n    trigger=\"hover\"\n    colors=\"primary:#109121,secondary:#2ff500\"\n    style=\"width:200px;height:200px\">\n<\/lord-icon>\n\n\n\n<h2 class=\"wp-block-heading has-text-color has-montserrat-font-family\" id=\"h-exceptional-quality-with-visionpad\" style=\"color:#05003a;font-size:29px;font-style:normal;font-weight:800\">Calidad excepcional con VisionPad<\/h2>\n\n\n\n<p class=\"wp-block-paragraph\">Produzca trabajos de primera calidad con confianza, gracias a la eficiente implementaci\u00f3n de pol\u00edgonos para \u00f3rdenes de trabajo de VisionPad. Esta innovadora funci\u00f3n garantiza precisi\u00f3n y exactitud en los proyectos de renovaci\u00f3n catastral, elevando la calidad de sus entregas y mejorando la satisfacci\u00f3n del cliente. Con VisionPad, podr\u00e1 ofrecer resultados que superen las expectativas y destacar en el sector.<\/p>\n<\/div><\/div>\n<\/div><\/div><\/div>\n\n\n\n<div id=\"Software\" class=\"blockart-section blockart-section-cec4c829\"><div class=\"blockart-container\"><div class=\"blockart-section-inner\">\n<div class=\"blockart-column blockart-column-dbe7e5a6\"><div class=\"blockart-column-inner\"><\/div><\/div>\n\n\n\n<div id=\"\" class=\"blockart-column blockart-column-e7b3fe21\"><div class=\"blockart-column-inner\">\n<figure class=\"blockart-image blockart-image-d4d70c39\"><img decoding=\"async\" class=\"wp-image-35070 hover-effect-static filter-none mask mask-none\" src=\"https:\/\/geo-plus.com\/wp-content\/uploads\/2023\/07\/Asset-289.svg\" alt=\"Logotipo de la aplicaci\u00f3n m\u00f3vil de topograf\u00eda VisionPad\"\/><\/figure>\n\n\n\n<h2 id=\"\" class=\"blockart-heading blockart-heading-66f10854\">Con\u00e9ctese con nosotros para poner VisionPad en marcha<\/h2>\n\n\n\n<p class=\"blockart-paragraph blockart-paragraph-df585d37\">Gracias por considerar VisionPad the Land Surveying Mobile Field Software como su soluci\u00f3n m\u00f3vil para la entrada de datos y posicionamiento en el campo. Nuestro equipo de expertos estar\u00e1 encantado de ayudarle a encontrar la mejor soluci\u00f3n para sus necesidades y responder a cualquier pregunta que pueda tener.<\/p>\n\n\n\n<p class=\"blockart-paragraph blockart-paragraph-f1a3ff09\">Con VisionPad, puede agilizar su trabajo de campo y mejorar la eficiencia de su equipo. Estamos deseando ayudarle a llevar su topograf\u00eda y la recopilaci\u00f3n de datos espaciales al siguiente nivel.<\/p>\n<\/div><\/div>\n\n\n\n<div class=\"blockart-column blockart-column-19b740e6\"><div class=\"blockart-column-inner\"><\/div><\/div>\n<\/div><\/div><\/div>\n\n\n\n<div id=\"Software\" class=\"blockart-section blockart-section-bb9a7f40\"><div class=\"blockart-container\"><div class=\"blockart-section-inner\">\n<div class=\"blockart-column blockart-column-5f62ce2f\"><div class=\"blockart-column-inner\"><\/div><\/div>\n\n\n\n<div id=\"\" class=\"blockart-column blockart-column-610d8968\"><div class=\"blockart-column-inner\">\n<div class=\"blockart-buttons blockart-buttons-aefcd003 is-wrap is-horizontal justify-center\">\n<div class=\"blockart-button blockart-button-4d15b7fc\"><a class=\"blockart-button-link is-custom is-style-filled\" href=\"https:\/\/geo-plus.com\/es\/contact\/#form\"><span class=\"blockart-button-icon\"><svg width=\"24\" height=\"24\" xmlns=\"http:\/\/www.w3.org\/2000\/svg\" viewbox=\"0 0 24 24\" class=\"blockart-icon\" aria-hidden=\"true\"><path d=\"M21.8 7.3c-.2-.3-.5-.4-.8-.4H7.3L6.2 4.2C5.8 3.4 5.1 3 4.4 3H2v2h2.3L9 16.3c.2.3.5.6 1 .6h8c.4 0 .8-.3 1-.6l2.9-8c.1-.3 0-.6-.1-1zm-4.5 7.6h-6.6L8.2 9h11.3l-2.2 5.9z\"><\/path><circle cx=\"10.5\" cy=\"19.5\" r=\"1.5\"><\/circle><circle cx=\"17.4\" cy=\"19.5\" r=\"1.5\"><\/circle><\/svg><\/span>EMPIECE AHORA<\/a><\/div>\n<\/div>\n\n\n\n<div class=\"blockart-buttons blockart-buttons-201c7c0c is-wrap is-horizontal justify-center\">\n<div class=\"blockart-button blockart-button-63577b8e\"><a class=\"blockart-button-link is-custom is-style-filled\" href=\"https:\/\/www.linkedin.com\/company\/geoplussoft\/\" target=\"_blank\" rel=\"noopener\"><span class=\"blockart-button-icon\"><svg width=\"24\" height=\"24\" xmlns=\"http:\/\/www.w3.org\/2000\/svg\" viewbox=\"0 0 24 24\" class=\"blockart-icon\" aria-hidden=\"true\"><path d=\"M21.8 7.3c-.2-.3-.5-.4-.8-.4H7.3L6.2 4.2C5.8 3.4 5.1 3 4.4 3H2v2h2.3L9 16.3c.2.3.5.6 1 .6h8c.4 0 .8-.3 1-.6l2.9-8c.1-.3 0-.6-.1-1zm-4.5 7.6h-6.6L8.2 9h11.3l-2.2 5.9z\"><\/path><circle cx=\"10.5\" cy=\"19.5\" r=\"1.5\"><\/circle><circle cx=\"17.4\" cy=\"19.5\" r=\"1.5\"><\/circle><\/svg><\/span>s\u00edguenos en linkedin y mantente al tanto de las \u00faltimas noticias de visionpad.<\/a><\/div>\n<\/div>\n<\/div><\/div>\n\n\n\n<div class=\"blockart-column blockart-column-aeee0dfb\"><div class=\"blockart-column-inner\"><\/div><\/div>\n<\/div><\/div><\/div>\n\n\n\n<div id=\"Features\" class=\"blockart-section blockart-section-58b61916\"><div class=\"blockart-overlay\"><\/div><div class=\"blockart-container\"><div class=\"blockart-section-inner\">\n<div class=\"blockart-column blockart-column-561614f5\"><div class=\"blockart-column-inner\">\n<h1 class=\"blockart-heading blockart-heading-263648c1\">Una mirada exhaustiva a las funciones de VisionPad<\/h1>\n\n\n\n<h2 class=\"blockart-heading blockart-heading-1ac30850 is-small\"><strong><em>El software m\u00f3vil de topograf\u00eda que le acompa\u00f1a sobre el terreno<\/em><\/strong><\/h2>\n\n\n\n<div class=\"blockart-section blockart-section-a6e9438b\"><div class=\"blockart-container\"><div class=\"blockart-section-inner\">\n<div class=\"blockart-column blockart-column-def11f60\"><div class=\"blockart-column-inner\">\n<div class=\"blockart-section blockart-section-6750b21d\"><div class=\"blockart-container\"><div class=\"blockart-section-inner\">\n<div class=\"blockart-column blockart-column-69be825d\"><div class=\"blockart-column-inner\">\n<h3 class=\"blockart-heading blockart-heading-9aaf04f7\">Introducci\u00f3n de datos<\/h3>\n\n\n\n<p class=\"blockart-paragraph blockart-paragraph-b08e74b5\">Introduzca datos espacio-descriptivos personalizados, estando fuera de l\u00ednea o en l\u00ednea, y sincronice sus datos de campo desde su escritorio en cualquier momento.<\/p>\n<\/div><\/div>\n\n\n\n<div class=\"blockart-column blockart-column-a6400bd5\"><div class=\"blockart-column-inner\">\n<h3 class=\"blockart-heading blockart-heading-5e844a82\">Posicionamiento<\/h3>\n\n\n\n<p class=\"blockart-paragraph blockart-paragraph-9ea3dcbc\">Posici\u00f3nese con o sin GPS RTK y acceda a toda la informaci\u00f3n de su constelaci\u00f3n de sat\u00e9lites.<\/p>\n<\/div><\/div>\n\n\n\n<div class=\"blockart-column blockart-column-56cfd0f3\"><div class=\"blockart-column-inner\">\n<h3 class=\"blockart-heading blockart-heading-3d7b2aaa\">Uso de mapas<\/h3>\n\n\n\n<p class=\"blockart-paragraph blockart-paragraph-addd20b4\">Visualice en una hoja de ruta toda la informaci\u00f3n recopilada sobre el terreno.<\/p>\n<\/div><\/div>\n<\/div><\/div><\/div>\n<\/div><\/div>\n<\/div><\/div><\/div>\n<\/div><\/div>\n<\/div><\/div><\/div>\n\n\n\n<!-- Google tag (gtag.js) -->\n<script async=\"\" src=\"https:\/\/www.googletagmanager.com\/gtag\/js?id=UA-240226420-1\"><\/script>\n<script>\n  window.dataLayer = window.dataLayer || [];\n  function gtag(){dataLayer.push(arguments);}\n  gtag('js', new Date());\n\n  gtag('config', 'UA-240226420-1');\n<\/script>","protected":false},"excerpt":{"rendered":"","protected":false},"author":228097081,"featured_media":5758,"parent":0,"menu_order":0,"comment_status":"closed","ping_status":"closed","template":"","meta":{"_crdt_document":"","inline_featured_image":false,"jetpack_post_was_ever_published":false,"footnotes":""},"class_list":["post-3218","page","type-page","status-publish","has-post-thumbnail","hentry"],"yoast_head":"<!-- This site is optimized with the Yoast SEO Premium plugin v22.8 (Yoast SEO v27.3) - https:\/\/yoast.com\/product\/yoast-seo-premium-wordpress\/ -->\n<title>Land Surveying Mobile Software - VisionPad<\/title>\n<meta name=\"description\" content=\"Boost field efficiency with VisionPad, 100% mobile Land Surveying Software \/ App. Sync data, improve performance, and enhance your processes.\" \/>\n<meta name=\"robots\" content=\"index, follow, max-snippet:-1, max-image-preview:large, max-video-preview:-1\" \/>\n<link rel=\"canonical\" href=\"https:\/\/geo-plus.com\/es\/software-sincronizacion-datos-campo-visionpad\/\" \/>\n<meta property=\"og:locale\" content=\"es_ES\" \/>\n<meta property=\"og:type\" content=\"article\" \/>\n<meta property=\"og:title\" content=\"VisionPad - Complete Mobile Field Software for Land Surveying\" \/>\n<meta property=\"og:description\" content=\"Synchronize your field data from anywhere with VisionPad Land Surveying Software. Make it your go-to solution for complete mobility.\" \/>\n<meta property=\"og:url\" content=\"https:\/\/geo-plus.com\/es\/software-sincronizacion-datos-campo-visionpad\/\" \/>\n<meta property=\"og:site_name\" content=\"Geo-Plus\" \/>\n<meta property=\"article:publisher\" content=\"https:\/\/www.facebook.com\/geoplussoft\" \/>\n<meta property=\"article:modified_time\" content=\"2024-06-20T13:05:27+00:00\" \/>\n<meta property=\"og:image\" content=\"https:\/\/geo-plus.com\/wp-content\/uploads\/2023\/01\/pad.jpg\" \/>\n\t<meta property=\"og:image:width\" content=\"768\" \/>\n\t<meta property=\"og:image:height\" content=\"432\" \/>\n\t<meta property=\"og:image:type\" content=\"image\/jpeg\" \/>\n<meta name=\"twitter:card\" content=\"summary_large_image\" \/>\n<meta name=\"twitter:title\" content=\"VisionPad - Complete Mobile Field Software for Land Surveying\" \/>\n<meta name=\"twitter:description\" content=\"Synchronize your field data from anywhere with VisionPad Land Surveying Software. Make it your go-to solution for complete mobility.\" \/>\n<meta name=\"twitter:image\" content=\"https:\/\/geo-plus.com\/wp-content\/uploads\/2023\/01\/pad.jpg\" \/>\n<meta name=\"twitter:site\" content=\"@geoplussoft\" \/>\n<meta name=\"twitter:label1\" content=\"Tiempo de lectura\" \/>\n\t<meta name=\"twitter:data1\" content=\"3 minutos\" \/>\n<script type=\"application\/ld+json\" class=\"yoast-schema-graph\">{\"@context\":\"https:\\\/\\\/schema.org\",\"@graph\":[{\"@type\":\"WebPage\",\"@id\":\"https:\\\/\\\/geo-plus.com\\\/land-surveying-mobile-software\\\/\",\"url\":\"https:\\\/\\\/geo-plus.com\\\/land-surveying-mobile-software\\\/\",\"name\":\"Land Surveying Mobile Software - VisionPad\",\"isPartOf\":{\"@id\":\"https:\\\/\\\/geo-plus.com\\\/#website\"},\"primaryImageOfPage\":{\"@id\":\"https:\\\/\\\/geo-plus.com\\\/land-surveying-mobile-software\\\/#primaryimage\"},\"image\":{\"@id\":\"https:\\\/\\\/geo-plus.com\\\/land-surveying-mobile-software\\\/#primaryimage\"},\"thumbnailUrl\":\"https:\\\/\\\/geo-plus.com\\\/wp-content\\\/uploads\\\/2023\\\/01\\\/pad.jpg\",\"datePublished\":\"2022-12-20T14:17:35+00:00\",\"dateModified\":\"2024-06-20T13:05:27+00:00\",\"description\":\"Boost field efficiency with VisionPad, 100% mobile Land Surveying Software \\\/ App. Sync data, improve performance, and enhance your processes.\",\"breadcrumb\":{\"@id\":\"https:\\\/\\\/geo-plus.com\\\/land-surveying-mobile-software\\\/#breadcrumb\"},\"inLanguage\":\"es\",\"potentialAction\":[{\"@type\":\"ReadAction\",\"target\":[\"https:\\\/\\\/geo-plus.com\\\/land-surveying-mobile-software\\\/\"]}]},{\"@type\":\"ImageObject\",\"inLanguage\":\"es\",\"@id\":\"https:\\\/\\\/geo-plus.com\\\/land-surveying-mobile-software\\\/#primaryimage\",\"url\":\"https:\\\/\\\/geo-plus.com\\\/wp-content\\\/uploads\\\/2023\\\/01\\\/pad.jpg\",\"contentUrl\":\"https:\\\/\\\/geo-plus.com\\\/wp-content\\\/uploads\\\/2023\\\/01\\\/pad.jpg\",\"width\":768,\"height\":432},{\"@type\":\"BreadcrumbList\",\"@id\":\"https:\\\/\\\/geo-plus.com\\\/land-surveying-mobile-software\\\/#breadcrumb\",\"itemListElement\":[{\"@type\":\"ListItem\",\"position\":1,\"name\":\"Home\",\"item\":\"https:\\\/\\\/geo-plus.com\\\/\"},{\"@type\":\"ListItem\",\"position\":2,\"name\":\"Vision Pad\"}]},{\"@type\":\"WebSite\",\"@id\":\"https:\\\/\\\/geo-plus.com\\\/#website\",\"url\":\"https:\\\/\\\/geo-plus.com\\\/\",\"name\":\"Geo-Plus\",\"description\":\"Geo-Plus | LiDAR, Land Surveying and Civil Engineering Software Solutions\",\"publisher\":{\"@id\":\"https:\\\/\\\/geo-plus.com\\\/#organization\"},\"potentialAction\":[{\"@type\":\"SearchAction\",\"target\":{\"@type\":\"EntryPoint\",\"urlTemplate\":\"https:\\\/\\\/geo-plus.com\\\/?s={search_term_string}\"},\"query-input\":{\"@type\":\"PropertyValueSpecification\",\"valueRequired\":true,\"valueName\":\"search_term_string\"}}],\"inLanguage\":\"es\"},{\"@type\":\"Organization\",\"@id\":\"https:\\\/\\\/geo-plus.com\\\/#organization\",\"name\":\"Geo-Plus\",\"alternateName\":\"Geo-Plus\",\"url\":\"https:\\\/\\\/geo-plus.com\\\/\",\"logo\":{\"@type\":\"ImageObject\",\"inLanguage\":\"es\",\"@id\":\"https:\\\/\\\/geo-plus.com\\\/#\\\/schema\\\/logo\\\/image\\\/\",\"url\":\"https:\\\/\\\/geo-plus.com\\\/wp-content\\\/uploads\\\/2023\\\/03\\\/Geo-Plus-SVG-Logo.svg\",\"contentUrl\":\"https:\\\/\\\/geo-plus.com\\\/wp-content\\\/uploads\\\/2023\\\/03\\\/Geo-Plus-SVG-Logo.svg\",\"caption\":\"Geo-Plus\"},\"image\":{\"@id\":\"https:\\\/\\\/geo-plus.com\\\/#\\\/schema\\\/logo\\\/image\\\/\"},\"sameAs\":[\"https:\\\/\\\/www.facebook.com\\\/geoplussoft\",\"https:\\\/\\\/x.com\\\/geoplussoft\",\"https:\\\/\\\/www.tiktok.com\\\/@geoplussoft\",\"https:\\\/\\\/www.instagram.com\\\/geoplussoft\",\"https:\\\/\\\/www.linkedin.com\\\/company\\\/geoplussoft\"]}]}<\/script>\n<!-- \/ Yoast SEO Premium plugin. -->","yoast_head_json":{"title":"Software m\u00f3vil de topograf\u00eda - VisionPad","description":"Aumente la eficacia sobre el terreno con VisionPad, un software de topograf\u00eda m\u00f3vil 100%. Sincronice datos, mejore el rendimiento y mejore sus procesos.","robots":{"index":"index","follow":"follow","max-snippet":"max-snippet:-1","max-image-preview":"max-image-preview:large","max-video-preview":"max-video-preview:-1"},"canonical":"https:\/\/geo-plus.com\/es\/software-sincronizacion-datos-campo-visionpad\/","og_locale":"es_ES","og_type":"article","og_title":"VisionPad - Complete Mobile Field Software for Land Surveying","og_description":"Synchronize your field data from anywhere with VisionPad Land Surveying Software. Make it your go-to solution for complete mobility.","og_url":"https:\/\/geo-plus.com\/es\/software-sincronizacion-datos-campo-visionpad\/","og_site_name":"Geo-Plus","article_publisher":"https:\/\/www.facebook.com\/geoplussoft","article_modified_time":"2024-06-20T13:05:27+00:00","og_image":[{"width":768,"height":432,"url":"https:\/\/geo-plus.com\/wp-content\/uploads\/2023\/01\/pad.jpg","type":"image\/jpeg"}],"twitter_card":"summary_large_image","twitter_title":"VisionPad - Complete Mobile Field Software for Land Surveying","twitter_description":"Synchronize your field data from anywhere with VisionPad Land Surveying Software. Make it your go-to solution for complete mobility.","twitter_image":"https:\/\/geo-plus.com\/wp-content\/uploads\/2023\/01\/pad.jpg","twitter_site":"@geoplussoft","twitter_misc":{"Tiempo de lectura":"3 minutos"},"schema":{"@context":"https:\/\/schema.org","@graph":[{"@type":"WebPage","@id":"https:\/\/geo-plus.com\/land-surveying-mobile-software\/","url":"https:\/\/geo-plus.com\/land-surveying-mobile-software\/","name":"Software m\u00f3vil de topograf\u00eda - VisionPad","isPartOf":{"@id":"https:\/\/geo-plus.com\/#website"},"primaryImageOfPage":{"@id":"https:\/\/geo-plus.com\/land-surveying-mobile-software\/#primaryimage"},"image":{"@id":"https:\/\/geo-plus.com\/land-surveying-mobile-software\/#primaryimage"},"thumbnailUrl":"https:\/\/geo-plus.com\/wp-content\/uploads\/2023\/01\/pad.jpg","datePublished":"2022-12-20T14:17:35+00:00","dateModified":"2024-06-20T13:05:27+00:00","description":"Aumente la eficacia sobre el terreno con VisionPad, un software de topograf\u00eda m\u00f3vil 100%. Sincronice datos, mejore el rendimiento y mejore sus procesos.","breadcrumb":{"@id":"https:\/\/geo-plus.com\/land-surveying-mobile-software\/#breadcrumb"},"inLanguage":"es","potentialAction":[{"@type":"ReadAction","target":["https:\/\/geo-plus.com\/land-surveying-mobile-software\/"]}]},{"@type":"ImageObject","inLanguage":"es","@id":"https:\/\/geo-plus.com\/land-surveying-mobile-software\/#primaryimage","url":"https:\/\/geo-plus.com\/wp-content\/uploads\/2023\/01\/pad.jpg","contentUrl":"https:\/\/geo-plus.com\/wp-content\/uploads\/2023\/01\/pad.jpg","width":768,"height":432},{"@type":"BreadcrumbList","@id":"https:\/\/geo-plus.com\/land-surveying-mobile-software\/#breadcrumb","itemListElement":[{"@type":"ListItem","position":1,"name":"Home","item":"https:\/\/geo-plus.com\/"},{"@type":"ListItem","position":2,"name":"Vision Pad"}]},{"@type":"WebSite","@id":"https:\/\/geo-plus.com\/#website","url":"https:\/\/geo-plus.com\/","name":"Geo-Plus","description":"Geo-Plus | LiDAR, soluciones de software de agrimensura e ingenier\u00eda civil","publisher":{"@id":"https:\/\/geo-plus.com\/#organization"},"potentialAction":[{"@type":"SearchAction","target":{"@type":"EntryPoint","urlTemplate":"https:\/\/geo-plus.com\/?s={search_term_string}"},"query-input":{"@type":"PropertyValueSpecification","valueRequired":true,"valueName":"search_term_string"}}],"inLanguage":"es"},{"@type":"Organization","@id":"https:\/\/geo-plus.com\/#organization","name":"Geo-Plus","alternateName":"Geo-Plus","url":"https:\/\/geo-plus.com\/","logo":{"@type":"ImageObject","inLanguage":"es","@id":"https:\/\/geo-plus.com\/#\/schema\/logo\/image\/","url":"https:\/\/geo-plus.com\/wp-content\/uploads\/2023\/03\/Geo-Plus-SVG-Logo.svg","contentUrl":"https:\/\/geo-plus.com\/wp-content\/uploads\/2023\/03\/Geo-Plus-SVG-Logo.svg","caption":"Geo-Plus"},"image":{"@id":"https:\/\/geo-plus.com\/#\/schema\/logo\/image\/"},"sameAs":["https:\/\/www.facebook.com\/geoplussoft","https:\/\/x.com\/geoplussoft","https:\/\/www.tiktok.com\/@geoplussoft","https:\/\/www.instagram.com\/geoplussoft","https:\/\/www.linkedin.com\/company\/geoplussoft"]}]}},"jetpack_likes_enabled":true,"jetpack_sharing_enabled":true,"jetpack_shortlink":"https:\/\/wp.me\/PemK1o-PU","jetpack-related-posts":[],"_links":{"self":[{"href":"https:\/\/geo-plus.com\/es\/wp-json\/wp\/v2\/pages\/3218","targetHints":{"allow":["GET"]}}],"collection":[{"href":"https:\/\/geo-plus.com\/es\/wp-json\/wp\/v2\/pages"}],"about":[{"href":"https:\/\/geo-plus.com\/es\/wp-json\/wp\/v2\/types\/page"}],"author":[{"embeddable":true,"href":"https:\/\/geo-plus.com\/es\/wp-json\/wp\/v2\/users\/228097081"}],"replies":[{"embeddable":true,"href":"https:\/\/geo-plus.com\/es\/wp-json\/wp\/v2\/comments?post=3218"}],"version-history":[{"count":57,"href":"https:\/\/geo-plus.com\/es\/wp-json\/wp\/v2\/pages\/3218\/revisions"}],"predecessor-version":[{"id":39143,"href":"https:\/\/geo-plus.com\/es\/wp-json\/wp\/v2\/pages\/3218\/revisions\/39143"}],"wp:featuredmedia":[{"embeddable":true,"href":"https:\/\/geo-plus.com\/es\/wp-json\/wp\/v2\/media\/5758"}],"wp:attachment":[{"href":"https:\/\/geo-plus.com\/es\/wp-json\/wp\/v2\/media?parent=3218"}],"curies":[{"name":"wp","href":"https:\/\/api.w.org\/{rel}","templated":true}]}}