{"id":35964,"date":"2023-09-14T14:56:52","date_gmt":"2023-09-14T18:56:52","guid":{"rendered":"https:\/\/geo-plus.com\/?page_id=35964"},"modified":"2023-10-13T11:57:18","modified_gmt":"2023-10-13T15:57:18","slug":"railways","status":"publish","type":"page","link":"https:\/\/geo-plus.com\/es\/ferrocarriles\/","title":{"rendered":"Ferrocarriles"},"content":{"rendered":"<div class=\"alignfull blockart-section blockart-section-e9aeda18 alignfull\"><div class=\"blockart-overlay\"><\/div><div class=\"blockart-container-fluid\"><div class=\"blockart-section-inner\">\n<div class=\"blockart-column blockart-column-56c43fb5\"><div class=\"blockart-column-inner\">\n<div class=\"block-visibility-hide-medium-screen block-visibility-hide-small-screen wp-block-getwid-advanced-heading has-custom-font-size fs-tablet-50 fs-mobile-50\" style=\"font-size:35px\"><span class=\"wp-block-getwid-advanced-heading__content has-text-color has-white-color\" style=\"text-align:center;font-weight:900;font-style:italic;text-transform:uppercase;letter-spacing:3px\">Ferrocarriles<\/span><\/div>\n\n\n\n<div class=\"block-visibility-hide-large-screen wp-block-getwid-advanced-heading has-custom-font-size\" style=\"font-size:18px\"><span class=\"wp-block-getwid-advanced-heading__content has-text-color has-white-color\" style=\"text-align:center;font-weight:900;font-style:italic;text-transform:uppercase;letter-spacing:0px\">Ferrocarriles<\/span><\/div>\n<\/div><\/div>\n<\/div><\/div><\/div>\n\n\n\n<div class=\"alignfull blockart-section blockart-section-a8c7c151 alignfull\"><div class=\"blockart-container\"><div class=\"blockart-section-inner\">\n<div class=\"blockart-column blockart-column-dab34859\"><div class=\"blockart-column-inner\"><\/div><\/div>\n\n\n\n<div class=\"blockart-column blockart-column-4d4d4da2\"><div class=\"blockart-column-inner\">\n<h2 class=\"blockart-heading blockart-heading-4d52da07\">Una serie de programas inform\u00e1ticos al servicio del sector ferroviario <\/h2>\n\n\n\n<p class=\"blockart-paragraph blockart-paragraph-3b27db7b\">Geo-plus ofrece una amplia selecci\u00f3n de programas inform\u00e1ticos que le facilitar\u00e1n a\u00fan m\u00e1s su trabajo.<\/p>\n<\/div><\/div>\n\n\n\n<div class=\"blockart-column blockart-column-119d63ce\"><div class=\"blockart-column-inner\"><\/div><\/div>\n<\/div><\/div><\/div>\n\n\n\n<div class=\"alignfull blockart-section blockart-section-93b237fb alignfull\"><div class=\"blockart-container-fluid\"><div class=\"blockart-section-inner\">\n<div class=\"blockart-column blockart-column-9a68ba53\"><div class=\"blockart-column-inner\">\n<div class=\"blockart-image blockart-image-fea78d82\"><a href=\"https:\/\/geo-plus.com\/es\/software-nube-de-puntos\/\"><img decoding=\"async\" class=\"wp-image-35845\" src=\"https:\/\/geo-plus.com\/wp-content\/uploads\/2023\/09\/Asset-284.svg\" alt=\"\"\/><\/a><\/div>\n\n\n\n<h3 class=\"blockart-heading blockart-heading-677a3ece\">Software de procesamiento de nubes de puntos<\/h3>\n\n\n\n<p class=\"blockart-paragraph blockart-paragraph-6d35c3bc\">VisionLidar es un software de procesamiento de nubes de puntos de alto rendimiento conocido por su eficacia en el manejo de grandes conjuntos de datos. Proporciona herramientas avanzadas de visualizaci\u00f3n, como la superposici\u00f3n de im\u00e1genes esf\u00e9ricas sobre datos lidar, lo que mejora la exploraci\u00f3n de datos. Las funciones de procesamiento automatizado, como la reducci\u00f3n de ruido, la clasificaci\u00f3n y la extracci\u00f3n de caracter\u00edsticas, mejoran la productividad. VisionLidar utiliza tecnolog\u00eda de vanguardia, incluido el aprendizaje profundo para la segmentaci\u00f3n sem\u00e1ntica, lo que permite la creaci\u00f3n de modelos personalizados. Con aplicaciones en modelado 3D, topograf\u00eda y cartograf\u00eda, VisionLidar es una soluci\u00f3n potente y flexible adecuada para profesionales y aficionados que trabajan con grandes nubes de puntos.<\/p>\n\n\n\n<div class=\"blockart-buttons blockart-buttons-3b2ee6cf is-wrap is-horizontal justify-left\">\n<div class=\"blockart-button blockart-button-5c80f038\" data-aos=\"none\"><a class=\"blockart-button-link is-custom is-style-filled is-hover-none\" href=\"https:\/\/geo-plus.com\/es\/software-nube-de-puntos\/\"><span class=\"blockart-button-icon\"><svg width=\"24\" height=\"24\" xmlns=\"http:\/\/www.w3.org\/2000\/svg\" viewbox=\"0 0 24 24\" type=\"frontendIcon\" class=\"blockart-icon\" aria-hidden=\"true\"><path d=\"M12 17.9c-4.2 0-7.9-2.1-9.9-5.5-.2-.3-.2-.6 0-.9C4.1 8.2 7.8 6 12 6s7.9 2.1 9.9 5.5c.2.3.2.6 0 .9-2 3.4-5.7 5.5-9.9 5.5zM3.9 12c1.6 2.6 4.8 4.2 8.1 4.2s6.4-1.6 8.1-4.2c-1.6-2.6-4.7-4.2-8.1-4.2S5.6 9.4 3.9 12zm8.1 3.3c-1.8 0-3.3-1.5-3.3-3.3s1.5-3.3 3.3-3.3 3.3 1.5 3.3 3.3-1.5 3.3-3.3 3.3zm0-4.9c-.9 0-1.6.8-1.6 1.6 0 .9.8 1.6 1.6 1.6s1.6-.8 1.6-1.6c0-.9-.7-1.6-1.6-1.6z\"><\/path><\/svg><\/span>M\u00e1s informaci\u00f3n<\/a><\/div>\n<\/div>\n<\/div><\/div>\n\n\n\n<div class=\"blockart-column blockart-column-4d96f178\"><div class=\"blockart-column-inner\">\n<div class=\"blockart-image blockart-image-0737a8cb\"><a href=\"https:\/\/geo-plus.com\/es\/software-lidar\/\"><img decoding=\"async\" class=\"wp-image-35847\" src=\"https:\/\/geo-plus.com\/wp-content\/uploads\/2023\/09\/Layer-2.svg\" alt=\"\"\/><\/a><\/div>\n\n\n\n<h3 class=\"blockart-heading blockart-heading-396d4571\">Plataforma para compartir nubes de puntos web<\/h3>\n\n\n\n<p class=\"blockart-paragraph blockart-paragraph-6328ef86\">VisionLidar365 destaca en cartograf\u00eda 3D, proporcionando visualizaciones detalladas para miner\u00eda, estudios geol\u00f3gicos e ingenier\u00eda civil. Proporciona datos precisos y de alta calidad mediante algoritmos avanzados, perfectos para proyectos complejos. La automatizaci\u00f3n agiliza la cartograf\u00eda y la topograf\u00eda, ahorrando tiempo y reduciendo errores. Su gran capacidad de personalizaci\u00f3n se adapta a diversos sectores, lo que lo convierte en una herramienta vers\u00e1til. A pesar de sus funciones avanzadas, VisionLidar365 sigue siendo f\u00e1cil de usar gracias a su interfaz intuitiva, que se adapta a usuarios con distintos conocimientos t\u00e9cnicos.<\/p>\n\n\n\n<div class=\"blockart-buttons blockart-buttons-3b2ee6cf is-wrap is-horizontal justify-left\">\n<div class=\"blockart-button blockart-button-5c80f038\" data-aos=\"none\"><a class=\"blockart-button-link is-custom is-style-filled is-hover-none\" href=\"https:\/\/geo-plus.com\/es\/software-lidar\/\"><span class=\"blockart-button-icon\"><svg width=\"24\" height=\"24\" xmlns=\"http:\/\/www.w3.org\/2000\/svg\" viewbox=\"0 0 24 24\" type=\"frontendIcon\" class=\"blockart-icon\" aria-hidden=\"true\"><path d=\"M12 17.9c-4.2 0-7.9-2.1-9.9-5.5-.2-.3-.2-.6 0-.9C4.1 8.2 7.8 6 12 6s7.9 2.1 9.9 5.5c.2.3.2.6 0 .9-2 3.4-5.7 5.5-9.9 5.5zM3.9 12c1.6 2.6 4.8 4.2 8.1 4.2s6.4-1.6 8.1-4.2c-1.6-2.6-4.7-4.2-8.1-4.2S5.6 9.4 3.9 12zm8.1 3.3c-1.8 0-3.3-1.5-3.3-3.3s1.5-3.3 3.3-3.3 3.3 1.5 3.3 3.3-1.5 3.3-3.3 3.3zm0-4.9c-.9 0-1.6.8-1.6 1.6 0 .9.8 1.6 1.6 1.6s1.6-.8 1.6-1.6c0-.9-.7-1.6-1.6-1.6z\"><\/path><\/svg><\/span>M\u00e1s informaci\u00f3n<\/a><\/div>\n<\/div>\n<\/div><\/div>\n\n\n\n<div class=\"blockart-column blockart-column-3e0a0e8c\"><div class=\"blockart-column-inner\">\n<div class=\"blockart-image blockart-image-ed4ecf40\"><a href=\"https:\/\/geo-plus.com\/es\/mascara-desenfoque-datos-sensibles\/\"><img decoding=\"async\" class=\"wp-image-35848\" src=\"https:\/\/geo-plus.com\/wp-content\/uploads\/2023\/09\/Asset-300-1-1.svg\" alt=\"\"\/><\/a><\/div>\n\n\n\n<h3 class=\"blockart-heading blockart-heading-50e90cab\">Enmascarar y difuminar datos sensibles<\/h3>\n\n\n\n<p class=\"blockart-paragraph blockart-paragraph-600c7a77\">VisionBlurring da prioridad a la protecci\u00f3n de la privacidad, ofreciendo una soluci\u00f3n avanzada para enmascarar y difuminar datos sensibles dentro de im\u00e1genes esf\u00e9ricas. Este software de vanguardia garantiza el cumplimiento de las leyes de privacidad, manteniendo la confidencialidad mientras se comparten experiencias inmersivas. Perfectamente integrado con VisionLidar y VisionLidar365, agiliza el procesamiento de datos y la gesti\u00f3n de la privacidad, mejorando la eficiencia del flujo de trabajo. VisionBlurring automatiza las tareas de privacidad, identificando y ocultando r\u00e1pidamente la informaci\u00f3n privada, ahorrando tiempo y esfuerzo valiosos. Conf\u00ede en VisionBlurring para una gesti\u00f3n de la privacidad eficiente, precisa y automatizada, que permita un flujo de trabajo seguro y conectado.<\/p>\n\n\n\n<div class=\"blockart-buttons blockart-buttons-3b2ee6cf is-wrap is-horizontal justify-left\">\n<div class=\"blockart-button blockart-button-5c80f038\" data-aos=\"none\"><a class=\"blockart-button-link is-custom is-style-filled is-hover-none\" href=\"https:\/\/geo-plus.com\/es\/mascara-desenfoque-datos-sensibles\/\"><span class=\"blockart-button-icon\"><svg width=\"24\" height=\"24\" xmlns=\"http:\/\/www.w3.org\/2000\/svg\" viewbox=\"0 0 24 24\" type=\"frontendIcon\" class=\"blockart-icon\" aria-hidden=\"true\"><path d=\"M12 17.9c-4.2 0-7.9-2.1-9.9-5.5-.2-.3-.2-.6 0-.9C4.1 8.2 7.8 6 12 6s7.9 2.1 9.9 5.5c.2.3.2.6 0 .9-2 3.4-5.7 5.5-9.9 5.5zM3.9 12c1.6 2.6 4.8 4.2 8.1 4.2s6.4-1.6 8.1-4.2c-1.6-2.6-4.7-4.2-8.1-4.2S5.6 9.4 3.9 12zm8.1 3.3c-1.8 0-3.3-1.5-3.3-3.3s1.5-3.3 3.3-3.3 3.3 1.5 3.3 3.3-1.5 3.3-3.3 3.3zm0-4.9c-.9 0-1.6.8-1.6 1.6 0 .9.8 1.6 1.6 1.6s1.6-.8 1.6-1.6c0-.9-.7-1.6-1.6-1.6z\"><\/path><\/svg><\/span>M\u00e1s informaci\u00f3n<\/a><\/div>\n<\/div>\n<\/div><\/div>\n\n\n\n<div class=\"blockart-column blockart-column-4f7575e0\"><div class=\"blockart-column-inner\">\n<div class=\"blockart-image blockart-image-1af5d084\"><a href=\"https:\/\/geo-plus.com\/es\/software-escaneado-bim\/\"><img decoding=\"async\" class=\"wp-image-35849\" src=\"https:\/\/geo-plus.com\/wp-content\/uploads\/2023\/09\/Asset-287.svg\" alt=\"\"\/><\/a><\/div>\n\n\n\n<h3 class=\"blockart-heading blockart-heading-f698fd58\">Cree modelos digitales a partir de nubes de puntos<\/h3>\n\n\n\n<p class=\"blockart-paragraph blockart-paragraph-96defc93\">VisionBim revoluciona la digitalizaci\u00f3n de edificios al permitir a los usuarios crear elementos BIM directamente en nubes de puntos, incluidos muros, techos, suelos, ventanas y puertas, mejorando la productividad. Ofrece una interoperabilidad perfecta con el formato de intercambio IFC, compatible con software de dise\u00f1o BIM como Revit, BricsCad y ArchiCad. Los usuarios experimentan un aumento significativo de la productividad, ahorrando al menos 50% del tiempo de procesamiento t\u00edpico, gracias a la visualizaci\u00f3n r\u00e1pida, la organizaci\u00f3n de nubes de puntos basada en IA y la integraci\u00f3n con REVIT y ArchiCAD.<\/p>\n\n\n\n<div class=\"blockart-buttons blockart-buttons-3b2ee6cf is-wrap is-horizontal justify-left\">\n<div class=\"blockart-button blockart-button-5c80f038\" data-aos=\"none\"><a class=\"blockart-button-link is-custom is-style-filled is-hover-none\" href=\"https:\/\/geo-plus.com\/es\/software-escaneado-bim\/\"><span class=\"blockart-button-icon\"><svg width=\"24\" height=\"24\" xmlns=\"http:\/\/www.w3.org\/2000\/svg\" viewbox=\"0 0 24 24\" type=\"frontendIcon\" class=\"blockart-icon\" aria-hidden=\"true\"><path d=\"M12 17.9c-4.2 0-7.9-2.1-9.9-5.5-.2-.3-.2-.6 0-.9C4.1 8.2 7.8 6 12 6s7.9 2.1 9.9 5.5c.2.3.2.6 0 .9-2 3.4-5.7 5.5-9.9 5.5zM3.9 12c1.6 2.6 4.8 4.2 8.1 4.2s6.4-1.6 8.1-4.2c-1.6-2.6-4.7-4.2-8.1-4.2S5.6 9.4 3.9 12zm8.1 3.3c-1.8 0-3.3-1.5-3.3-3.3s1.5-3.3 3.3-3.3 3.3 1.5 3.3 3.3-1.5 3.3-3.3 3.3zm0-4.9c-.9 0-1.6.8-1.6 1.6 0 .9.8 1.6 1.6 1.6s1.6-.8 1.6-1.6c0-.9-.7-1.6-1.6-1.6z\"><\/path><\/svg><\/span>M\u00e1s informaci\u00f3n<\/a><\/div>\n<\/div>\n<\/div><\/div>\n<\/div><\/div><\/div>\n\n\n\n<div class=\"alignfull blockart-section blockart-section-6cffd591 alignfull\"><div class=\"blockart-container\"><div class=\"blockart-section-inner\">\n<div class=\"blockart-column blockart-column-263dd468\"><div class=\"blockart-column-inner\">\n<h2 class=\"blockart-heading blockart-heading-0a1747ef\">\u00bfA\u00fan necesitas ayuda?<\/h2>\n\n\n\n<p class=\"blockart-paragraph blockart-paragraph-98be4072\">Ponte en contacto con nuestro departamento de desarrollo de negocio para obtener la asistencia que necesitas en un abrir y cerrar de ojos.<\/p>\n<\/div><\/div>\n\n\n\n<div class=\"blockart-column blockart-column-edf7c39e\"><div class=\"blockart-column-inner\">\n<div class=\"blockart-buttons blockart-buttons-3b2ee6cf is-wrap is-horizontal justify-center\">\n<div class=\"blockart-button blockart-button-5c80f038\" data-aos=\"none\"><a class=\"blockart-button-link is-custom is-style-filled is-hover-none\" href=\"https:\/\/geo-plus.com\/es\/contact\/\"><span class=\"blockart-button-icon\"><svg width=\"24\" height=\"24\" xmlns=\"http:\/\/www.w3.org\/2000\/svg\" viewbox=\"0 0 24 24\" type=\"frontendIcon\" class=\"blockart-icon\" aria-hidden=\"true\"><path d=\"M21.6 2.2c-.3-.2-.7-.3-1-.1l-18 8.4c-.4.2-.6.5-.6 1s.3.8.6 1L8.3 15v7l6.2-4.4 5.1 2.2c.2.1.3.1.4.1.2 0 .3-.1.5-.2.3-.2.5-.5.5-.9L22 3c0-.2-.2-.6-.4-.8zM19 17.3l-5.6-2.4 3.3-6.5-8.1 4.4-3-1.4 14.2-6.7-.8 12.6z\"><\/path><\/svg><\/span>Contacta con nosotros<\/a><\/div>\n<\/div>\n<\/div><\/div>\n<\/div><\/div><\/div>\n\n\n\n<div class=\"alignfull blockart-section blockart-section-dd8e0d15 alignfull\"><div class=\"blockart-container\"><div class=\"blockart-section-inner\">\n<div class=\"blockart-column blockart-column-872f03cf\"><div class=\"blockart-column-inner\">\n<figure class=\"wp-block-embed is-type-video is-provider-youtube wp-block-embed-youtube wp-embed-aspect-16-9 wp-has-aspect-ratio\"><div class=\"wp-block-embed__wrapper\">\n<div class=\"jetpack-video-wrapper\"><span class=\"embed-youtube\" style=\"text-align:center; display: block;\"><iframe loading=\"lazy\" class=\"youtube-player\" width=\"812\" height=\"457\" src=\"https:\/\/www.youtube.com\/embed\/tzk7CfTY9z0?version=3&#038;rel=1&#038;showsearch=0&#038;showinfo=1&#038;iv_load_policy=1&#038;fs=1&#038;hl=es-ES&#038;autohide=2&#038;wmode=transparent\" allowfullscreen=\"true\" style=\"border:0;\" sandbox=\"allow-scripts allow-same-origin allow-popups allow-presentation allow-popups-to-escape-sandbox\"><\/iframe><\/span><\/div>\n<\/div><\/figure>\n<\/div><\/div>\n\n\n\n<div class=\"blockart-column blockart-column-d47317f5\"><div class=\"blockart-column-inner\">\n<h2 class=\"blockart-heading blockart-heading-7b6421d8\">Qui\u00e9n es Geo-Plus<\/h2>\n\n\n\n<p class=\"blockart-paragraph blockart-paragraph-685a5775\">Geo-Plus es pionera en tecnolog\u00edas de software innovadoras para el mercado de software de AEC (arquitectura, ingenier\u00eda y construcci\u00f3n) desde 1987, con el prop\u00f3sito de cambiar el sector. Miles de clientes de todo el mundo se han beneficiado de la experiencia de la empresa a lo largo de los a\u00f1os, ya que ha proporcionado bienes y servicios de vanguardia.<\/p>\n<\/div><\/div>\n<\/div><\/div><\/div>\n\n\n\n<div class=\"alignfull blockart-section blockart-section-2e69ecbb alignfull\"><div class=\"blockart-container\"><div class=\"blockart-section-inner\">\n<div class=\"blockart-column blockart-column-013c9c67\"><div class=\"blockart-column-inner\">\n<h3 class=\"blockart-heading blockart-heading-3b0ddb89\">\u00bfQu\u00e9 hace que<br>Geo-Plus diferente<\/h3>\n<\/div><\/div>\n\n\n\n<div class=\"blockart-column blockart-column-cf0de680\"><div class=\"blockart-column-inner\">\n<p class=\"blockart-paragraph blockart-paragraph-573d3261\">Geo-Plus, pionero en software de AEC desde 1987, ofrece la vanguardista Vision Suite. Con m\u00e1s de 16 soluciones integradas para mediciones 3D, estructuras, geometr\u00eda y mucho m\u00e1s, capacita a los expertos en infraestructuras. Nuestras joyas de la corona, VisionLidar y VisionLidar 365, son l\u00edderes en tecnolog\u00eda LiDAR y de nubes de puntos. Geo-Plus combina software de m\u00e1xima calidad con un servicio de atenci\u00f3n al cliente estelar, lo que la convierte en l\u00edder mundial. Transformando el sector AEC, Geo-Plus y Vision Suite impulsan la innovaci\u00f3n, el crecimiento y el \u00e9xito de los clientes. S\u00edganos en LinkedIn para conocer las \u00faltimas actualizaciones.<\/p>\n<\/div><\/div>\n<\/div><\/div><\/div>","protected":false},"excerpt":{"rendered":"","protected":false},"author":228097081,"featured_media":35965,"parent":0,"menu_order":0,"comment_status":"closed","ping_status":"closed","template":"","meta":{"_crdt_document":"","inline_featured_image":false,"jetpack_post_was_ever_published":false,"footnotes":""},"class_list":["post-35964","page","type-page","status-publish","has-post-thumbnail","hentry"],"yoast_head":"<!-- This site is optimized with the Yoast SEO Premium plugin v22.8 (Yoast SEO v27.3) - https:\/\/yoast.com\/product\/yoast-seo-premium-wordpress\/ -->\n<title>Geo-Plus | LiDAR, Land Surveying and Civil Engineering Software Solutions<\/title>\n<meta name=\"description\" content=\"Geo-Plus offers software solutions tailored to land and infrastructure professionals. We provide solutions for the fields of surveying, civil engineering and much more.\" \/>\n<meta name=\"robots\" content=\"index, follow, max-snippet:-1, max-image-preview:large, max-video-preview:-1\" \/>\n<link rel=\"canonical\" href=\"https:\/\/geo-plus.com\/es\/ferrocarriles\/\" \/>\n<meta property=\"og:locale\" content=\"es_ES\" \/>\n<meta property=\"og:type\" content=\"article\" \/>\n<meta property=\"og:title\" content=\"Railways\" \/>\n<meta property=\"og:description\" content=\"Geo-Plus offers software solutions tailored to land and infrastructure professionals. We provide solutions for the fields of surveying, civil engineering and much more.\" \/>\n<meta property=\"og:url\" content=\"https:\/\/geo-plus.com\/es\/ferrocarriles\/\" \/>\n<meta property=\"og:site_name\" content=\"Geo-Plus\" \/>\n<meta property=\"article:publisher\" content=\"https:\/\/www.facebook.com\/geoplussoft\" \/>\n<meta property=\"article:modified_time\" content=\"2023-10-13T15:57:18+00:00\" \/>\n<meta property=\"og:image\" content=\"https:\/\/geo-plus.com\/wp-content\/uploads\/2023\/09\/railway-2022-12-15-22-35-02-utc-Large.jpg\" \/>\n\t<meta property=\"og:image:width\" content=\"1280\" \/>\n\t<meta property=\"og:image:height\" content=\"853\" \/>\n\t<meta property=\"og:image:type\" content=\"image\/jpeg\" \/>\n<meta name=\"twitter:card\" content=\"summary_large_image\" \/>\n<meta name=\"twitter:site\" content=\"@geoplussoft\" \/>\n<meta name=\"twitter:label1\" content=\"Tiempo de lectura\" \/>\n\t<meta name=\"twitter:data1\" content=\"4 minutos\" \/>\n<script type=\"application\/ld+json\" class=\"yoast-schema-graph\">{\"@context\":\"https:\\\/\\\/schema.org\",\"@graph\":[{\"@type\":\"WebPage\",\"@id\":\"https:\\\/\\\/geo-plus.com\\\/railways\\\/\",\"url\":\"https:\\\/\\\/geo-plus.com\\\/railways\\\/\",\"name\":\"Geo-Plus | LiDAR, Land Surveying and Civil Engineering Software Solutions\",\"isPartOf\":{\"@id\":\"https:\\\/\\\/geo-plus.com\\\/#website\"},\"primaryImageOfPage\":{\"@id\":\"https:\\\/\\\/geo-plus.com\\\/railways\\\/#primaryimage\"},\"image\":{\"@id\":\"https:\\\/\\\/geo-plus.com\\\/railways\\\/#primaryimage\"},\"thumbnailUrl\":\"https:\\\/\\\/geo-plus.com\\\/wp-content\\\/uploads\\\/2023\\\/09\\\/railway-2022-12-15-22-35-02-utc-Large.jpg\",\"datePublished\":\"2023-09-14T18:56:52+00:00\",\"dateModified\":\"2023-10-13T15:57:18+00:00\",\"description\":\"Geo-Plus offers software solutions tailored to land and infrastructure professionals. We provide solutions for the fields of surveying, civil engineering and much more.\",\"breadcrumb\":{\"@id\":\"https:\\\/\\\/geo-plus.com\\\/railways\\\/#breadcrumb\"},\"inLanguage\":\"es\",\"potentialAction\":[{\"@type\":\"ReadAction\",\"target\":[\"https:\\\/\\\/geo-plus.com\\\/railways\\\/\"]}]},{\"@type\":\"ImageObject\",\"inLanguage\":\"es\",\"@id\":\"https:\\\/\\\/geo-plus.com\\\/railways\\\/#primaryimage\",\"url\":\"https:\\\/\\\/geo-plus.com\\\/wp-content\\\/uploads\\\/2023\\\/09\\\/railway-2022-12-15-22-35-02-utc-Large.jpg\",\"contentUrl\":\"https:\\\/\\\/geo-plus.com\\\/wp-content\\\/uploads\\\/2023\\\/09\\\/railway-2022-12-15-22-35-02-utc-Large.jpg\",\"width\":1280,\"height\":853},{\"@type\":\"BreadcrumbList\",\"@id\":\"https:\\\/\\\/geo-plus.com\\\/railways\\\/#breadcrumb\",\"itemListElement\":[{\"@type\":\"ListItem\",\"position\":1,\"name\":\"Home\",\"item\":\"https:\\\/\\\/geo-plus.com\\\/\"},{\"@type\":\"ListItem\",\"position\":2,\"name\":\"Railways\"}]},{\"@type\":\"WebSite\",\"@id\":\"https:\\\/\\\/geo-plus.com\\\/#website\",\"url\":\"https:\\\/\\\/geo-plus.com\\\/\",\"name\":\"Geo-Plus\",\"description\":\"Geo-Plus | LiDAR, Land Surveying and Civil Engineering Software Solutions\",\"publisher\":{\"@id\":\"https:\\\/\\\/geo-plus.com\\\/#organization\"},\"potentialAction\":[{\"@type\":\"SearchAction\",\"target\":{\"@type\":\"EntryPoint\",\"urlTemplate\":\"https:\\\/\\\/geo-plus.com\\\/?s={search_term_string}\"},\"query-input\":{\"@type\":\"PropertyValueSpecification\",\"valueRequired\":true,\"valueName\":\"search_term_string\"}}],\"inLanguage\":\"es\"},{\"@type\":\"Organization\",\"@id\":\"https:\\\/\\\/geo-plus.com\\\/#organization\",\"name\":\"Geo-Plus\",\"alternateName\":\"Geo-Plus\",\"url\":\"https:\\\/\\\/geo-plus.com\\\/\",\"logo\":{\"@type\":\"ImageObject\",\"inLanguage\":\"es\",\"@id\":\"https:\\\/\\\/geo-plus.com\\\/#\\\/schema\\\/logo\\\/image\\\/\",\"url\":\"https:\\\/\\\/geo-plus.com\\\/wp-content\\\/uploads\\\/2023\\\/03\\\/Geo-Plus-SVG-Logo.svg\",\"contentUrl\":\"https:\\\/\\\/geo-plus.com\\\/wp-content\\\/uploads\\\/2023\\\/03\\\/Geo-Plus-SVG-Logo.svg\",\"caption\":\"Geo-Plus\"},\"image\":{\"@id\":\"https:\\\/\\\/geo-plus.com\\\/#\\\/schema\\\/logo\\\/image\\\/\"},\"sameAs\":[\"https:\\\/\\\/www.facebook.com\\\/geoplussoft\",\"https:\\\/\\\/x.com\\\/geoplussoft\",\"https:\\\/\\\/www.tiktok.com\\\/@geoplussoft\",\"https:\\\/\\\/www.instagram.com\\\/geoplussoft\",\"https:\\\/\\\/www.linkedin.com\\\/company\\\/geoplussoft\"]}]}<\/script>\n<!-- \/ Yoast SEO Premium plugin. -->","yoast_head_json":{"title":"Geo-Plus | LiDAR, soluciones de software de agrimensura e ingenier\u00eda civil","description":"Geo-Plus ofrece soluciones de software adaptadas a los profesionales del suelo y las infraestructuras. Proporcionamos soluciones para los campos de la topograf\u00eda, la ingenier\u00eda civil y mucho m\u00e1s.","robots":{"index":"index","follow":"follow","max-snippet":"max-snippet:-1","max-image-preview":"max-image-preview:large","max-video-preview":"max-video-preview:-1"},"canonical":"https:\/\/geo-plus.com\/es\/ferrocarriles\/","og_locale":"es_ES","og_type":"article","og_title":"Railways","og_description":"Geo-Plus offers software solutions tailored to land and infrastructure professionals. We provide solutions for the fields of surveying, civil engineering and much more.","og_url":"https:\/\/geo-plus.com\/es\/ferrocarriles\/","og_site_name":"Geo-Plus","article_publisher":"https:\/\/www.facebook.com\/geoplussoft","article_modified_time":"2023-10-13T15:57:18+00:00","og_image":[{"width":1280,"height":853,"url":"https:\/\/geo-plus.com\/wp-content\/uploads\/2023\/09\/railway-2022-12-15-22-35-02-utc-Large.jpg","type":"image\/jpeg"}],"twitter_card":"summary_large_image","twitter_site":"@geoplussoft","twitter_misc":{"Tiempo de lectura":"4 minutos"},"schema":{"@context":"https:\/\/schema.org","@graph":[{"@type":"WebPage","@id":"https:\/\/geo-plus.com\/railways\/","url":"https:\/\/geo-plus.com\/railways\/","name":"Geo-Plus | LiDAR, soluciones de software de agrimensura e ingenier\u00eda civil","isPartOf":{"@id":"https:\/\/geo-plus.com\/#website"},"primaryImageOfPage":{"@id":"https:\/\/geo-plus.com\/railways\/#primaryimage"},"image":{"@id":"https:\/\/geo-plus.com\/railways\/#primaryimage"},"thumbnailUrl":"https:\/\/geo-plus.com\/wp-content\/uploads\/2023\/09\/railway-2022-12-15-22-35-02-utc-Large.jpg","datePublished":"2023-09-14T18:56:52+00:00","dateModified":"2023-10-13T15:57:18+00:00","description":"Geo-Plus ofrece soluciones de software adaptadas a los profesionales del suelo y las infraestructuras. Proporcionamos soluciones para los campos de la topograf\u00eda, la ingenier\u00eda civil y mucho m\u00e1s.","breadcrumb":{"@id":"https:\/\/geo-plus.com\/railways\/#breadcrumb"},"inLanguage":"es","potentialAction":[{"@type":"ReadAction","target":["https:\/\/geo-plus.com\/railways\/"]}]},{"@type":"ImageObject","inLanguage":"es","@id":"https:\/\/geo-plus.com\/railways\/#primaryimage","url":"https:\/\/geo-plus.com\/wp-content\/uploads\/2023\/09\/railway-2022-12-15-22-35-02-utc-Large.jpg","contentUrl":"https:\/\/geo-plus.com\/wp-content\/uploads\/2023\/09\/railway-2022-12-15-22-35-02-utc-Large.jpg","width":1280,"height":853},{"@type":"BreadcrumbList","@id":"https:\/\/geo-plus.com\/railways\/#breadcrumb","itemListElement":[{"@type":"ListItem","position":1,"name":"Home","item":"https:\/\/geo-plus.com\/"},{"@type":"ListItem","position":2,"name":"Railways"}]},{"@type":"WebSite","@id":"https:\/\/geo-plus.com\/#website","url":"https:\/\/geo-plus.com\/","name":"Geo-Plus","description":"Geo-Plus | LiDAR, soluciones de software de agrimensura e ingenier\u00eda civil","publisher":{"@id":"https:\/\/geo-plus.com\/#organization"},"potentialAction":[{"@type":"SearchAction","target":{"@type":"EntryPoint","urlTemplate":"https:\/\/geo-plus.com\/?s={search_term_string}"},"query-input":{"@type":"PropertyValueSpecification","valueRequired":true,"valueName":"search_term_string"}}],"inLanguage":"es"},{"@type":"Organization","@id":"https:\/\/geo-plus.com\/#organization","name":"Geo-Plus","alternateName":"Geo-Plus","url":"https:\/\/geo-plus.com\/","logo":{"@type":"ImageObject","inLanguage":"es","@id":"https:\/\/geo-plus.com\/#\/schema\/logo\/image\/","url":"https:\/\/geo-plus.com\/wp-content\/uploads\/2023\/03\/Geo-Plus-SVG-Logo.svg","contentUrl":"https:\/\/geo-plus.com\/wp-content\/uploads\/2023\/03\/Geo-Plus-SVG-Logo.svg","caption":"Geo-Plus"},"image":{"@id":"https:\/\/geo-plus.com\/#\/schema\/logo\/image\/"},"sameAs":["https:\/\/www.facebook.com\/geoplussoft","https:\/\/x.com\/geoplussoft","https:\/\/www.tiktok.com\/@geoplussoft","https:\/\/www.instagram.com\/geoplussoft","https:\/\/www.linkedin.com\/company\/geoplussoft"]}]}},"jetpack_likes_enabled":true,"jetpack_sharing_enabled":true,"jetpack_shortlink":"https:\/\/wp.me\/PemK1o-9m4","jetpack-related-posts":[],"_links":{"self":[{"href":"https:\/\/geo-plus.com\/es\/wp-json\/wp\/v2\/pages\/35964","targetHints":{"allow":["GET"]}}],"collection":[{"href":"https:\/\/geo-plus.com\/es\/wp-json\/wp\/v2\/pages"}],"about":[{"href":"https:\/\/geo-plus.com\/es\/wp-json\/wp\/v2\/types\/page"}],"author":[{"embeddable":true,"href":"https:\/\/geo-plus.com\/es\/wp-json\/wp\/v2\/users\/228097081"}],"replies":[{"embeddable":true,"href":"https:\/\/geo-plus.com\/es\/wp-json\/wp\/v2\/comments?post=35964"}],"version-history":[{"count":4,"href":"https:\/\/geo-plus.com\/es\/wp-json\/wp\/v2\/pages\/35964\/revisions"}],"predecessor-version":[{"id":36381,"href":"https:\/\/geo-plus.com\/es\/wp-json\/wp\/v2\/pages\/35964\/revisions\/36381"}],"wp:featuredmedia":[{"embeddable":true,"href":"https:\/\/geo-plus.com\/es\/wp-json\/wp\/v2\/media\/35965"}],"wp:attachment":[{"href":"https:\/\/geo-plus.com\/es\/wp-json\/wp\/v2\/media?parent=35964"}],"curies":[{"name":"wp","href":"https:\/\/api.w.org\/{rel}","templated":true}]}}