{"id":1075,"date":"2021-12-17T07:13:47","date_gmt":"2021-12-17T07:13:47","guid":{"rendered":"https:\/\/zakrademos.com\/agency-03\/cart\/"},"modified":"2022-12-05T18:36:07","modified_gmt":"2022-12-05T18:36:07","slug":"cart","status":"publish","type":"page","link":"https:\/\/geo-plus.com\/fr\/chariot\/","title":{"rendered":"Chariot"},"content":{"rendered":"<p>[woocommerce_cart]<\/p>","protected":false},"excerpt":{"rendered":"","protected":false},"author":228097081,"featured_media":0,"parent":0,"menu_order":0,"comment_status":"closed","ping_status":"closed","template":"","meta":{"_crdt_document":"","inline_featured_image":false,"jetpack_post_was_ever_published":false,"footnotes":""},"class_list":["post-1075","page","type-page","status-publish","hentry"],"yoast_head":"<!-- This site is optimized with the Yoast SEO Premium plugin v22.8 (Yoast SEO v27.3) - https:\/\/yoast.com\/product\/yoast-seo-premium-wordpress\/ -->\n<title>Geo-Plus | LiDAR, Land Surveying and Civil Engineering Software Solutions<\/title>\n<meta name=\"description\" content=\"Geo-Plus offers software solutions tailored to land and infrastructure professionals. We provide solutions for the fields of surveying, civil engineering and much more.\" \/>\n<meta name=\"robots\" content=\"index, follow, max-snippet:-1, max-image-preview:large, max-video-preview:-1\" \/>\n<link rel=\"canonical\" href=\"https:\/\/geo-plus.com\/fr\/cart\/\" \/>\n<meta property=\"og:locale\" content=\"fr_CA\" \/>\n<meta property=\"og:type\" content=\"article\" \/>\n<meta property=\"og:title\" content=\"Cart\" \/>\n<meta property=\"og:description\" content=\"Geo-Plus offers software solutions tailored to land and infrastructure professionals. We provide solutions for the fields of surveying, civil engineering and much more.\" \/>\n<meta property=\"og:url\" content=\"https:\/\/geo-plus.com\/fr\/cart\/\" \/>\n<meta property=\"og:site_name\" content=\"Geo-Plus\" \/>\n<meta property=\"article:publisher\" content=\"https:\/\/www.facebook.com\/geoplussoft\" \/>\n<meta property=\"article:modified_time\" content=\"2022-12-05T18:36:07+00:00\" \/>\n<meta property=\"og:image\" content=\"https:\/\/geo-plus.com\/wp-content\/uploads\/2023\/01\/Homepage-Featured-image.jpg\" \/>\n\t<meta property=\"og:image:width\" content=\"768\" \/>\n\t<meta property=\"og:image:height\" content=\"518\" \/>\n\t<meta property=\"og:image:type\" content=\"image\/jpeg\" \/>\n<meta name=\"twitter:card\" content=\"summary_large_image\" \/>\n<meta name=\"twitter:site\" content=\"@geoplussoft\" \/>\n<script type=\"application\/ld+json\" class=\"yoast-schema-graph\">{\"@context\":\"https:\\\/\\\/schema.org\",\"@graph\":[{\"@type\":\"WebPage\",\"@id\":\"https:\\\/\\\/geo-plus.com\\\/en_gb\\\/cart\\\/\",\"url\":\"https:\\\/\\\/geo-plus.com\\\/en_gb\\\/cart\\\/\",\"name\":\"Geo-Plus | LiDAR, Land Surveying and Civil Engineering Software Solutions\",\"isPartOf\":{\"@id\":\"https:\\\/\\\/geo-plus.com\\\/#website\"},\"datePublished\":\"2021-12-17T07:13:47+00:00\",\"dateModified\":\"2022-12-05T18:36:07+00:00\",\"description\":\"Geo-Plus offers software solutions tailored to land and infrastructure professionals. We provide solutions for the fields of surveying, civil engineering and much more.\",\"breadcrumb\":{\"@id\":\"https:\\\/\\\/geo-plus.com\\\/en_gb\\\/cart\\\/#breadcrumb\"},\"inLanguage\":\"fr-CA\",\"potentialAction\":[{\"@type\":\"ReadAction\",\"target\":[\"https:\\\/\\\/geo-plus.com\\\/en_gb\\\/cart\\\/\"]}]},{\"@type\":\"BreadcrumbList\",\"@id\":\"https:\\\/\\\/geo-plus.com\\\/en_gb\\\/cart\\\/#breadcrumb\",\"itemListElement\":[{\"@type\":\"ListItem\",\"position\":1,\"name\":\"Home\",\"item\":\"https:\\\/\\\/geo-plus.com\\\/\"},{\"@type\":\"ListItem\",\"position\":2,\"name\":\"Cart\"}]},{\"@type\":\"WebSite\",\"@id\":\"https:\\\/\\\/geo-plus.com\\\/#website\",\"url\":\"https:\\\/\\\/geo-plus.com\\\/\",\"name\":\"Geo-Plus\",\"description\":\"Geo-Plus | LiDAR, Land Surveying and Civil Engineering Software Solutions\",\"publisher\":{\"@id\":\"https:\\\/\\\/geo-plus.com\\\/#organization\"},\"potentialAction\":[{\"@type\":\"SearchAction\",\"target\":{\"@type\":\"EntryPoint\",\"urlTemplate\":\"https:\\\/\\\/geo-plus.com\\\/?s={search_term_string}\"},\"query-input\":{\"@type\":\"PropertyValueSpecification\",\"valueRequired\":true,\"valueName\":\"search_term_string\"}}],\"inLanguage\":\"fr-CA\"},{\"@type\":\"Organization\",\"@id\":\"https:\\\/\\\/geo-plus.com\\\/#organization\",\"name\":\"Geo-Plus\",\"alternateName\":\"Geo-Plus\",\"url\":\"https:\\\/\\\/geo-plus.com\\\/\",\"logo\":{\"@type\":\"ImageObject\",\"inLanguage\":\"fr-CA\",\"@id\":\"https:\\\/\\\/geo-plus.com\\\/#\\\/schema\\\/logo\\\/image\\\/\",\"url\":\"https:\\\/\\\/geo-plus.com\\\/wp-content\\\/uploads\\\/2023\\\/03\\\/Geo-Plus-SVG-Logo.svg\",\"contentUrl\":\"https:\\\/\\\/geo-plus.com\\\/wp-content\\\/uploads\\\/2023\\\/03\\\/Geo-Plus-SVG-Logo.svg\",\"caption\":\"Geo-Plus\"},\"image\":{\"@id\":\"https:\\\/\\\/geo-plus.com\\\/#\\\/schema\\\/logo\\\/image\\\/\"},\"sameAs\":[\"https:\\\/\\\/www.facebook.com\\\/geoplussoft\",\"https:\\\/\\\/x.com\\\/geoplussoft\",\"https:\\\/\\\/www.tiktok.com\\\/@geoplussoft\",\"https:\\\/\\\/www.instagram.com\\\/geoplussoft\",\"https:\\\/\\\/www.linkedin.com\\\/company\\\/geoplussoft\"]}]}<\/script>\n<!-- \/ Yoast SEO Premium plugin. -->","yoast_head_json":{"title":"G\u00e9o-Plus | LiDAR, solutions logicielles de topographie et de g\u00e9nie civil","description":"Geo-Plus propose des solutions logicielles adapt\u00e9es aux professionnels de l'am\u00e9nagement du territoire et des infrastructures. Nous fournissons des solutions pour les domaines de l'arpentage, du g\u00e9nie civil et bien plus encore.","robots":{"index":"index","follow":"follow","max-snippet":"max-snippet:-1","max-image-preview":"max-image-preview:large","max-video-preview":"max-video-preview:-1"},"canonical":"https:\/\/geo-plus.com\/fr\/cart\/","og_locale":"fr_CA","og_type":"article","og_title":"Cart","og_description":"Geo-Plus offers software solutions tailored to land and infrastructure professionals. We provide solutions for the fields of surveying, civil engineering and much more.","og_url":"https:\/\/geo-plus.com\/fr\/cart\/","og_site_name":"Geo-Plus","article_publisher":"https:\/\/www.facebook.com\/geoplussoft","article_modified_time":"2022-12-05T18:36:07+00:00","og_image":[{"width":768,"height":518,"url":"https:\/\/geo-plus.com\/wp-content\/uploads\/2023\/01\/Homepage-Featured-image.jpg","type":"image\/jpeg"}],"twitter_card":"summary_large_image","twitter_site":"@geoplussoft","schema":{"@context":"https:\/\/schema.org","@graph":[{"@type":"WebPage","@id":"https:\/\/geo-plus.com\/en_gb\/cart\/","url":"https:\/\/geo-plus.com\/en_gb\/cart\/","name":"G\u00e9o-Plus | LiDAR, solutions logicielles de topographie et de g\u00e9nie civil","isPartOf":{"@id":"https:\/\/geo-plus.com\/#website"},"datePublished":"2021-12-17T07:13:47+00:00","dateModified":"2022-12-05T18:36:07+00:00","description":"Geo-Plus propose des solutions logicielles adapt\u00e9es aux professionnels de l'am\u00e9nagement du territoire et des infrastructures. Nous fournissons des solutions pour les domaines de l'arpentage, du g\u00e9nie civil et bien plus encore.","breadcrumb":{"@id":"https:\/\/geo-plus.com\/en_gb\/cart\/#breadcrumb"},"inLanguage":"fr-CA","potentialAction":[{"@type":"ReadAction","target":["https:\/\/geo-plus.com\/en_gb\/cart\/"]}]},{"@type":"BreadcrumbList","@id":"https:\/\/geo-plus.com\/en_gb\/cart\/#breadcrumb","itemListElement":[{"@type":"ListItem","position":1,"name":"Home","item":"https:\/\/geo-plus.com\/"},{"@type":"ListItem","position":2,"name":"Cart"}]},{"@type":"WebSite","@id":"https:\/\/geo-plus.com\/#website","url":"https:\/\/geo-plus.com\/","name":"Geo-Plus","description":"G\u00e9o-Plus | LiDAR, solutions logicielles de topographie et de g\u00e9nie civil","publisher":{"@id":"https:\/\/geo-plus.com\/#organization"},"potentialAction":[{"@type":"SearchAction","target":{"@type":"EntryPoint","urlTemplate":"https:\/\/geo-plus.com\/?s={search_term_string}"},"query-input":{"@type":"PropertyValueSpecification","valueRequired":true,"valueName":"search_term_string"}}],"inLanguage":"fr-CA"},{"@type":"Organization","@id":"https:\/\/geo-plus.com\/#organization","name":"Geo-Plus","alternateName":"Geo-Plus","url":"https:\/\/geo-plus.com\/","logo":{"@type":"ImageObject","inLanguage":"fr-CA","@id":"https:\/\/geo-plus.com\/#\/schema\/logo\/image\/","url":"https:\/\/geo-plus.com\/wp-content\/uploads\/2023\/03\/Geo-Plus-SVG-Logo.svg","contentUrl":"https:\/\/geo-plus.com\/wp-content\/uploads\/2023\/03\/Geo-Plus-SVG-Logo.svg","caption":"Geo-Plus"},"image":{"@id":"https:\/\/geo-plus.com\/#\/schema\/logo\/image\/"},"sameAs":["https:\/\/www.facebook.com\/geoplussoft","https:\/\/x.com\/geoplussoft","https:\/\/www.tiktok.com\/@geoplussoft","https:\/\/www.instagram.com\/geoplussoft","https:\/\/www.linkedin.com\/company\/geoplussoft"]}]}},"jetpack_likes_enabled":true,"jetpack_sharing_enabled":true,"jetpack_shortlink":"https:\/\/wp.me\/PemK1o-hl","jetpack-related-posts":[],"_links":{"self":[{"href":"https:\/\/geo-plus.com\/fr\/wp-json\/wp\/v2\/pages\/1075","targetHints":{"allow":["GET"]}}],"collection":[{"href":"https:\/\/geo-plus.com\/fr\/wp-json\/wp\/v2\/pages"}],"about":[{"href":"https:\/\/geo-plus.com\/fr\/wp-json\/wp\/v2\/types\/page"}],"author":[{"embeddable":true,"href":"https:\/\/geo-plus.com\/fr\/wp-json\/wp\/v2\/users\/228097081"}],"replies":[{"embeddable":true,"href":"https:\/\/geo-plus.com\/fr\/wp-json\/wp\/v2\/comments?post=1075"}],"version-history":[{"count":1,"href":"https:\/\/geo-plus.com\/fr\/wp-json\/wp\/v2\/pages\/1075\/revisions"}],"predecessor-version":[{"id":1130,"href":"https:\/\/geo-plus.com\/fr\/wp-json\/wp\/v2\/pages\/1075\/revisions\/1130"}],"wp:attachment":[{"href":"https:\/\/geo-plus.com\/fr\/wp-json\/wp\/v2\/media?parent=1075"}],"curies":[{"name":"wp","href":"https:\/\/api.w.org\/{rel}","templated":true}]}}