{"id":34764,"date":"2023-06-16T09:35:51","date_gmt":"2023-06-16T13:35:51","guid":{"rendered":"https:\/\/geo-plus.com\/?page_id=34764"},"modified":"2023-06-16T09:35:51","modified_gmt":"2023-06-16T13:35:51","slug":"test-usage-for-translation","status":"publish","type":"page","link":"https:\/\/geo-plus.com\/it\/test-uso-per-la-traduzione\/","title":{"rendered":"uso di prova per la traduzione"},"content":{"rendered":"<p class=\"wp-block-paragraph\">Il messaggio del mittente \u00e8 stato inviato con successo<\/p>\n\n\n\n<p class=\"wp-block-paragraph\">Il messaggio del mittente non \u00e8 stato inviato<\/p>\n\n\n\n<p class=\"wp-block-paragraph\">Si sono verificati errori di convalida<\/p>\n\n\n\n<p class=\"wp-block-paragraph\">L'invio \u00e8 stato definito spam<\/p>\n\n\n\n<p class=\"wp-block-paragraph\">Ci sono condizioni che il mittente deve accettare<\/p>\n\n\n\n<p class=\"wp-block-paragraph\">C'\u00e8 un campo che il mittente deve compilare<\/p>\n\n\n\n<p class=\"wp-block-paragraph\">C'\u00e8 un campo con un input pi\u00f9 lungo della lunghezza massima consentita.<\/p>\n\n\n\n<p class=\"wp-block-paragraph\">C'\u00e8 un campo con un input pi\u00f9 corto della lunghezza minima consentita.<\/p>\n\n\n\n<p class=\"wp-block-paragraph\">Il caricamento di un file non riesce per qualsiasi motivo<\/p>\n\n\n\n<p class=\"wp-block-paragraph\">Il file caricato non \u00e8 consentito per il tipo di file<\/p>\n\n\n\n<p class=\"wp-block-paragraph\">Il file caricato \u00e8 troppo grande<\/p>\n\n\n\n<p class=\"wp-block-paragraph\">Il caricamento di un file non riesce per un errore PHP<\/p>\n\n\n\n<p class=\"wp-block-paragraph\">Il formato della data inserito dal mittente non \u00e8 valido.<\/p>\n\n\n\n<p class=\"wp-block-paragraph\">La data \u00e8 precedente al limite minimo<\/p>\n\n\n\n<p class=\"wp-block-paragraph\">La data \u00e8 successiva al limite massimo<\/p>\n\n\n\n<p class=\"wp-block-paragraph\">Il formato del numero inserito dal mittente non \u00e8 valido.<\/p>\n\n\n\n<p class=\"wp-block-paragraph\">Il numero \u00e8 inferiore al limite minimo<\/p>\n\n\n\n<p class=\"wp-block-paragraph\">Il numero \u00e8 superiore al limite massimo<\/p>\n\n\n\n<p class=\"wp-block-paragraph\">Il mittente non inserisce la risposta corretta al quiz<\/p>\n\n\n\n<p class=\"wp-block-paragraph\">L'indirizzo e-mail inserito dal mittente non \u00e8 valido.<\/p>\n\n\n\n<p class=\"wp-block-paragraph\">L'URL inserito dal mittente non \u00e8 valido<\/p>\n\n\n\n<p class=\"wp-block-paragraph\">Il numero di telefono inserito dal mittente non \u00e8 valido.<br><\/p>","protected":false},"excerpt":{"rendered":"<p>Il messaggio del mittente \u00e8 stato inviato con successo Il messaggio del mittente non \u00e8 riuscito ad essere inviato Si sono verificati errori di convalida L'invio \u00e8 stato definito spam Ci sono termini che il mittente deve accettare C'\u00e8 un campo che il mittente deve compilare C'\u00e8 un campo con un input pi\u00f9 lungo della lunghezza massima consentita C'\u00e8 un campo[...]<\/p>","protected":false},"author":228097081,"featured_media":0,"parent":0,"menu_order":0,"comment_status":"closed","ping_status":"closed","template":"","meta":{"_crdt_document":"","inline_featured_image":false,"footnotes":""},"class_list":["post-34764","page","type-page","status-publish","hentry"],"yoast_head":"<!-- This site is optimized with the Yoast SEO Premium plugin v22.8 (Yoast SEO v27.4) - https:\/\/yoast.com\/product\/yoast-seo-premium-wordpress\/ -->\n<title>Geo-Plus | LiDAR, Land Surveying and Civil Engineering Software Solutions<\/title>\n<meta name=\"description\" content=\"Geo-Plus offers software solutions tailored to land and infrastructure professionals. We provide solutions for the fields of surveying, civil engineering and much more.\" \/>\n<meta name=\"robots\" content=\"index, follow, max-snippet:-1, max-image-preview:large, max-video-preview:-1\" \/>\n<link rel=\"canonical\" href=\"https:\/\/geo-plus.com\/it\/test-usage-for-translation\/\" \/>\n<meta property=\"og:locale\" content=\"it_IT\" \/>\n<meta property=\"og:type\" content=\"article\" \/>\n<meta property=\"og:title\" content=\"test usage for translation\" \/>\n<meta property=\"og:description\" content=\"Geo-Plus offers software solutions tailored to land and infrastructure professionals. We provide solutions for the fields of surveying, civil engineering and much more.\" \/>\n<meta property=\"og:url\" content=\"https:\/\/geo-plus.com\/it\/test-usage-for-translation\/\" \/>\n<meta property=\"og:site_name\" content=\"Geo-Plus\" \/>\n<meta property=\"article:publisher\" content=\"https:\/\/www.facebook.com\/geoplussoft\" \/>\n<meta property=\"og:image\" content=\"https:\/\/geo-plus.com\/wp-content\/uploads\/2023\/01\/Homepage-Featured-image.jpg\" \/>\n\t<meta property=\"og:image:width\" content=\"768\" \/>\n\t<meta property=\"og:image:height\" content=\"518\" \/>\n\t<meta property=\"og:image:type\" content=\"image\/jpeg\" \/>\n<meta name=\"twitter:card\" content=\"summary_large_image\" \/>\n<meta name=\"twitter:site\" content=\"@geoplussoft\" \/>\n<meta name=\"twitter:label1\" content=\"Tempo di lettura stimato\" \/>\n\t<meta name=\"twitter:data1\" content=\"1 minuto\" \/>\n<script type=\"application\/ld+json\" class=\"yoast-schema-graph\">{\"@context\":\"https:\\\/\\\/schema.org\",\"@graph\":[{\"@type\":\"WebPage\",\"@id\":\"https:\\\/\\\/geo-plus.com\\\/en_gb\\\/test-usage-for-translation\\\/\",\"url\":\"https:\\\/\\\/geo-plus.com\\\/en_gb\\\/test-usage-for-translation\\\/\",\"name\":\"Geo-Plus | LiDAR, Land Surveying and Civil Engineering Software Solutions\",\"isPartOf\":{\"@id\":\"https:\\\/\\\/geo-plus.com\\\/#website\"},\"datePublished\":\"2023-06-16T13:35:51+00:00\",\"description\":\"Geo-Plus offers software solutions tailored to land and infrastructure professionals. We provide solutions for the fields of surveying, civil engineering and much more.\",\"breadcrumb\":{\"@id\":\"https:\\\/\\\/geo-plus.com\\\/en_gb\\\/test-usage-for-translation\\\/#breadcrumb\"},\"inLanguage\":\"it-IT\",\"potentialAction\":[{\"@type\":\"ReadAction\",\"target\":[\"https:\\\/\\\/geo-plus.com\\\/en_gb\\\/test-usage-for-translation\\\/\"]}]},{\"@type\":\"BreadcrumbList\",\"@id\":\"https:\\\/\\\/geo-plus.com\\\/en_gb\\\/test-usage-for-translation\\\/#breadcrumb\",\"itemListElement\":[{\"@type\":\"ListItem\",\"position\":1,\"name\":\"Home\",\"item\":\"https:\\\/\\\/geo-plus.com\\\/\"},{\"@type\":\"ListItem\",\"position\":2,\"name\":\"test usage for translation\"}]},{\"@type\":\"WebSite\",\"@id\":\"https:\\\/\\\/geo-plus.com\\\/#website\",\"url\":\"https:\\\/\\\/geo-plus.com\\\/\",\"name\":\"Geo-Plus\",\"description\":\"Geo-Plus | LiDAR, Land Surveying and Civil Engineering Software Solutions\",\"publisher\":{\"@id\":\"https:\\\/\\\/geo-plus.com\\\/#organization\"},\"potentialAction\":[{\"@type\":\"SearchAction\",\"target\":{\"@type\":\"EntryPoint\",\"urlTemplate\":\"https:\\\/\\\/geo-plus.com\\\/?s={search_term_string}\"},\"query-input\":{\"@type\":\"PropertyValueSpecification\",\"valueRequired\":true,\"valueName\":\"search_term_string\"}}],\"inLanguage\":\"it-IT\"},{\"@type\":\"Organization\",\"@id\":\"https:\\\/\\\/geo-plus.com\\\/#organization\",\"name\":\"Geo-Plus\",\"alternateName\":\"Geo-Plus\",\"url\":\"https:\\\/\\\/geo-plus.com\\\/\",\"logo\":{\"@type\":\"ImageObject\",\"inLanguage\":\"it-IT\",\"@id\":\"https:\\\/\\\/geo-plus.com\\\/#\\\/schema\\\/logo\\\/image\\\/\",\"url\":\"https:\\\/\\\/geo-plus.com\\\/wp-content\\\/uploads\\\/2023\\\/03\\\/Geo-Plus-SVG-Logo.svg\",\"contentUrl\":\"https:\\\/\\\/geo-plus.com\\\/wp-content\\\/uploads\\\/2023\\\/03\\\/Geo-Plus-SVG-Logo.svg\",\"caption\":\"Geo-Plus\"},\"image\":{\"@id\":\"https:\\\/\\\/geo-plus.com\\\/#\\\/schema\\\/logo\\\/image\\\/\"},\"sameAs\":[\"https:\\\/\\\/www.facebook.com\\\/geoplussoft\",\"https:\\\/\\\/x.com\\\/geoplussoft\",\"https:\\\/\\\/www.tiktok.com\\\/@geoplussoft\",\"https:\\\/\\\/www.instagram.com\\\/geoplussoft\",\"https:\\\/\\\/www.linkedin.com\\\/company\\\/geoplussoft\"]}]}<\/script>\n<!-- \/ Yoast SEO Premium plugin. -->","yoast_head_json":{"title":"Geo-Plus | Soluzioni software per il LiDAR, il rilevamento del territorio e l'ingegneria civile","description":"Geo-Plus offre soluzioni software su misura per i professionisti del territorio e delle infrastrutture. Forniamo soluzioni per i settori del rilevamento, dell'ingegneria civile e molto altro.","robots":{"index":"index","follow":"follow","max-snippet":"max-snippet:-1","max-image-preview":"max-image-preview:large","max-video-preview":"max-video-preview:-1"},"canonical":"https:\/\/geo-plus.com\/it\/test-usage-for-translation\/","og_locale":"it_IT","og_type":"article","og_title":"test usage for translation","og_description":"Geo-Plus offers software solutions tailored to land and infrastructure professionals. We provide solutions for the fields of surveying, civil engineering and much more.","og_url":"https:\/\/geo-plus.com\/it\/test-usage-for-translation\/","og_site_name":"Geo-Plus","article_publisher":"https:\/\/www.facebook.com\/geoplussoft","og_image":[{"width":768,"height":518,"url":"https:\/\/geo-plus.com\/wp-content\/uploads\/2023\/01\/Homepage-Featured-image.jpg","type":"image\/jpeg"}],"twitter_card":"summary_large_image","twitter_site":"@geoplussoft","twitter_misc":{"Tempo di lettura stimato":"1 minuto"},"schema":{"@context":"https:\/\/schema.org","@graph":[{"@type":"WebPage","@id":"https:\/\/geo-plus.com\/en_gb\/test-usage-for-translation\/","url":"https:\/\/geo-plus.com\/en_gb\/test-usage-for-translation\/","name":"Geo-Plus | Soluzioni software per il LiDAR, il rilevamento del territorio e l'ingegneria civile","isPartOf":{"@id":"https:\/\/geo-plus.com\/#website"},"datePublished":"2023-06-16T13:35:51+00:00","description":"Geo-Plus offre soluzioni software su misura per i professionisti del territorio e delle infrastrutture. Forniamo soluzioni per i settori del rilevamento, dell'ingegneria civile e molto altro.","breadcrumb":{"@id":"https:\/\/geo-plus.com\/en_gb\/test-usage-for-translation\/#breadcrumb"},"inLanguage":"it-IT","potentialAction":[{"@type":"ReadAction","target":["https:\/\/geo-plus.com\/en_gb\/test-usage-for-translation\/"]}]},{"@type":"BreadcrumbList","@id":"https:\/\/geo-plus.com\/en_gb\/test-usage-for-translation\/#breadcrumb","itemListElement":[{"@type":"ListItem","position":1,"name":"Home","item":"https:\/\/geo-plus.com\/"},{"@type":"ListItem","position":2,"name":"test usage for translation"}]},{"@type":"WebSite","@id":"https:\/\/geo-plus.com\/#website","url":"https:\/\/geo-plus.com\/","name":"Geo-Plus","description":"Geo-Plus | Soluzioni software per il LiDAR, il rilevamento del territorio e l'ingegneria civile","publisher":{"@id":"https:\/\/geo-plus.com\/#organization"},"potentialAction":[{"@type":"SearchAction","target":{"@type":"EntryPoint","urlTemplate":"https:\/\/geo-plus.com\/?s={search_term_string}"},"query-input":{"@type":"PropertyValueSpecification","valueRequired":true,"valueName":"search_term_string"}}],"inLanguage":"it-IT"},{"@type":"Organization","@id":"https:\/\/geo-plus.com\/#organization","name":"Geo-Plus","alternateName":"Geo-Plus","url":"https:\/\/geo-plus.com\/","logo":{"@type":"ImageObject","inLanguage":"it-IT","@id":"https:\/\/geo-plus.com\/#\/schema\/logo\/image\/","url":"https:\/\/geo-plus.com\/wp-content\/uploads\/2023\/03\/Geo-Plus-SVG-Logo.svg","contentUrl":"https:\/\/geo-plus.com\/wp-content\/uploads\/2023\/03\/Geo-Plus-SVG-Logo.svg","caption":"Geo-Plus"},"image":{"@id":"https:\/\/geo-plus.com\/#\/schema\/logo\/image\/"},"sameAs":["https:\/\/www.facebook.com\/geoplussoft","https:\/\/x.com\/geoplussoft","https:\/\/www.tiktok.com\/@geoplussoft","https:\/\/www.instagram.com\/geoplussoft","https:\/\/www.linkedin.com\/company\/geoplussoft"]}]}},"jetpack_likes_enabled":true,"jetpack_sharing_enabled":true,"jetpack_shortlink":"https:\/\/wp.me\/PemK1o-92I","jetpack-related-posts":[],"_links":{"self":[{"href":"https:\/\/geo-plus.com\/it\/wp-json\/wp\/v2\/pages\/34764","targetHints":{"allow":["GET"]}}],"collection":[{"href":"https:\/\/geo-plus.com\/it\/wp-json\/wp\/v2\/pages"}],"about":[{"href":"https:\/\/geo-plus.com\/it\/wp-json\/wp\/v2\/types\/page"}],"author":[{"embeddable":true,"href":"https:\/\/geo-plus.com\/it\/wp-json\/wp\/v2\/users\/228097081"}],"replies":[{"embeddable":true,"href":"https:\/\/geo-plus.com\/it\/wp-json\/wp\/v2\/comments?post=34764"}],"version-history":[{"count":1,"href":"https:\/\/geo-plus.com\/it\/wp-json\/wp\/v2\/pages\/34764\/revisions"}],"predecessor-version":[{"id":34765,"href":"https:\/\/geo-plus.com\/it\/wp-json\/wp\/v2\/pages\/34764\/revisions\/34765"}],"wp:attachment":[{"href":"https:\/\/geo-plus.com\/it\/wp-json\/wp\/v2\/media?parent=34764"}],"curies":[{"name":"wp","href":"https:\/\/api.w.org\/{rel}","templated":true}]}}