{"id":35955,"date":"2023-09-14T14:49:22","date_gmt":"2023-09-14T18:49:22","guid":{"rendered":"https:\/\/geo-plus.com\/?page_id=35955"},"modified":"2023-10-13T11:57:12","modified_gmt":"2023-10-13T15:57:12","slug":"land-surveying","status":"publish","type":"page","link":"https:\/\/geo-plus.com\/tr\/arazi%cc%87-etudu\/","title":{"rendered":"Arazi \u00d6l\u00e7\u00fcm\u00fc"},"content":{"rendered":"<div class=\"alignfull blockart-section blockart-section-e9aeda18 alignfull\"><div class=\"blockart-overlay\"><\/div><div class=\"blockart-container-fluid\"><div class=\"blockart-section-inner\">\n<div class=\"blockart-column blockart-column-56c43fb5\"><div class=\"blockart-column-inner\">\n<div class=\"block-visibility-hide-medium-screen block-visibility-hide-small-screen wp-block-getwid-advanced-heading has-custom-font-size fs-tablet-50 fs-mobile-50\" style=\"font-size:35px\"><span class=\"wp-block-getwid-advanced-heading__content has-text-color has-white-color\" style=\"text-align:center;font-weight:900;font-style:italic;text-transform:uppercase;letter-spacing:3px\">ARAZ\u0130 ARA\u015eTIRMASI<\/span><\/div>\n\n\n\n<div class=\"block-visibility-hide-large-screen wp-block-getwid-advanced-heading has-custom-font-size\" style=\"font-size:18px\"><span class=\"wp-block-getwid-advanced-heading__content has-text-color has-white-color\" style=\"text-align:center;font-weight:900;font-style:italic;text-transform:uppercase;letter-spacing:0px\">ARAZ\u0130 ARA\u015eTIRMASI<\/span><\/div>\n<\/div><\/div>\n<\/div><\/div><\/div>\n\n\n\n<div class=\"alignfull blockart-section blockart-section-a8c7c151 alignfull\"><div class=\"blockart-container\"><div class=\"blockart-section-inner\">\n<div class=\"blockart-column blockart-column-dab34859\"><div class=\"blockart-column-inner\"><\/div><\/div>\n\n\n\n<div class=\"blockart-column blockart-column-4d4d4da2\"><div class=\"blockart-column-inner\">\n<h2 class=\"blockart-heading blockart-heading-4d52da07\">T\u00fcm D\u00fcnyada Arazi Ara\u015ft\u0131rmac\u0131lar\u0131na Hizmet Veren Bir Dizi Yaz\u0131l\u0131m<\/h2>\n\n\n\n<p class=\"blockart-paragraph blockart-paragraph-3b27db7b\">Geo-plus, i\u015finizi kolayla\u015ft\u0131rmak i\u00e7in size daha fazla yard\u0131mc\u0131 olacak geni\u015f bir Yaz\u0131l\u0131m yelpazesi sunar.<\/p>\n<\/div><\/div>\n\n\n\n<div class=\"blockart-column blockart-column-119d63ce\"><div class=\"blockart-column-inner\"><\/div><\/div>\n<\/div><\/div><\/div>\n\n\n\n<div class=\"alignfull blockart-section blockart-section-54cb5997 alignfull\"><div class=\"blockart-container-fluid\"><div class=\"blockart-section-inner\">\n<div class=\"blockart-column blockart-column-4ae2f1ed\"><div class=\"blockart-column-inner\"><\/div><\/div>\n\n\n\n<div class=\"blockart-column blockart-column-92b926dd\"><div class=\"blockart-column-inner\">\n<div class=\"blockart-image blockart-image-df1bce28\"><a href=\"https:\/\/geo-plus.com\/tr\/arazi-arastirma-yazilimi-2\/\"><img decoding=\"async\" class=\"wp-image-35921\" src=\"https:\/\/geo-plus.com\/wp-content\/uploads\/2023\/09\/Asset-284-2-1.svg\" alt=\"\"\/><\/a><\/div>\n\n\n\n<h3 class=\"blockart-heading blockart-heading-92c7e3a3\">\u00d6l\u00e7me S\u00fcrecinin Otomasyonu<\/h3>\n\n\n\n<p class=\"blockart-paragraph blockart-paragraph-475b7c1f\">VisionCogo, herhangi bir \u00e7izim platformundan ba\u011f\u0131ms\u0131z olarak \u00e7al\u0131\u015fan \u00e7ok y\u00f6nl\u00fc bir COGO ve Arazi \u00d6l\u00e7me Hesaplama yaz\u0131l\u0131m\u0131d\u0131r. Temel hesaplama ara\u00e7lar\u0131n\u0131 tek bir uygulamada birle\u015ftirerek verimlilik sa\u011flar. Yaz\u0131l\u0131m, veri i\u015flemlerini izleyen ayr\u0131nt\u0131l\u0131 raporlar ve nokta nitelendirmesi i\u00e7in bir not y\u00f6neticisi arac\u0131l\u0131\u011f\u0131yla kontrol sa\u011flar. Ayr\u0131ca, en k\u00fc\u00e7\u00fck kareler, transit ve pusula dahil olmak \u00fczere \u00e7e\u015fitli y\u00f6ntemler kullanarak dinamik ayarlamalar, \u00e7ok y\u00f6nl\u00fc dosya format\u0131 d\u00f6n\u00fc\u015ft\u00fcrme ve daha fazla kolayl\u0131k i\u00e7in bir Pcode uyum tablosu sunar.<\/p>\n\n\n\n<div class=\"blockart-buttons blockart-buttons-3b2ee6cf is-wrap is-horizontal justify-left\">\n<div class=\"blockart-button blockart-button-5c80f038\" data-aos=\"none\"><a class=\"blockart-button-link is-custom is-style-filled is-hover-none\" href=\"https:\/\/geo-plus.com\/tr\/arazi-arastirma-yazilimi-2\/\"><span class=\"blockart-button-icon\"><svg width=\"24\" height=\"24\" xmlns=\"http:\/\/www.w3.org\/2000\/svg\" viewbox=\"0 0 24 24\" type=\"frontendIcon\" class=\"blockart-icon\" aria-hidden=\"true\"><path d=\"M12 17.9c-4.2 0-7.9-2.1-9.9-5.5-.2-.3-.2-.6 0-.9C4.1 8.2 7.8 6 12 6s7.9 2.1 9.9 5.5c.2.3.2.6 0 .9-2 3.4-5.7 5.5-9.9 5.5zM3.9 12c1.6 2.6 4.8 4.2 8.1 4.2s6.4-1.6 8.1-4.2c-1.6-2.6-4.7-4.2-8.1-4.2S5.6 9.4 3.9 12zm8.1 3.3c-1.8 0-3.3-1.5-3.3-3.3s1.5-3.3 3.3-3.3 3.3 1.5 3.3 3.3-1.5 3.3-3.3 3.3zm0-4.9c-.9 0-1.6.8-1.6 1.6 0 .9.8 1.6 1.6 1.6s1.6-.8 1.6-1.6c0-.9-.7-1.6-1.6-1.6z\"><\/path><\/svg><\/span>Daha fazla bilgi edinin<\/a><\/div>\n<\/div>\n<\/div><\/div>\n\n\n\n<div class=\"blockart-column blockart-column-9947e3ec\"><div class=\"blockart-column-inner\">\n<div class=\"blockart-image blockart-image-411213d5\"><a href=\"https:\/\/geo-plus.com\/tr\/cogo-software\/\"><img decoding=\"async\" class=\"wp-image-35922\" src=\"https:\/\/geo-plus.com\/wp-content\/uploads\/2023\/09\/Asset-295.svg\" alt=\"\"\/><\/a><\/div>\n\n\n\n<h3 class=\"blockart-heading blockart-heading-da87204d\">G\u00fc\u00e7l\u00fc Bir COGO Hesaplay\u0131c\u0131s\u0131<\/h3>\n\n\n\n<p class=\"blockart-paragraph blockart-paragraph-e10e4434\">VisionCogo, herhangi bir \u00e7izim platformundan ba\u011f\u0131ms\u0131z olarak \u00e7al\u0131\u015fan \u00e7ok y\u00f6nl\u00fc bir COGO ve Arazi \u00d6l\u00e7me Hesaplama yaz\u0131l\u0131m\u0131d\u0131r. Temel hesaplama ara\u00e7lar\u0131n\u0131 tek bir uygulamada birle\u015ftirerek verimlilik sa\u011flar. Yaz\u0131l\u0131m, veri i\u015flemlerini izleyen ayr\u0131nt\u0131l\u0131 raporlar ve nokta nitelendirmesi i\u00e7in bir not y\u00f6neticisi arac\u0131l\u0131\u011f\u0131yla kontrol sa\u011flar. Ayr\u0131ca, en k\u00fc\u00e7\u00fck kareler, transit ve pusula dahil olmak \u00fczere \u00e7e\u015fitli y\u00f6ntemler kullanarak dinamik ayarlamalar, \u00e7ok y\u00f6nl\u00fc dosya format\u0131 d\u00f6n\u00fc\u015ft\u00fcrme ve daha fazla kolayl\u0131k i\u00e7in bir Pcode uyum tablosu sunar.<\/p>\n\n\n\n<div class=\"blockart-buttons blockart-buttons-3b2ee6cf is-wrap is-horizontal justify-left\">\n<div class=\"blockart-button blockart-button-5c80f038\" data-aos=\"none\"><a class=\"blockart-button-link is-custom is-style-filled is-hover-none\" href=\"https:\/\/geo-plus.com\/tr\/cogo-software\/\"><span class=\"blockart-button-icon\"><svg width=\"24\" height=\"24\" xmlns=\"http:\/\/www.w3.org\/2000\/svg\" viewbox=\"0 0 24 24\" type=\"frontendIcon\" class=\"blockart-icon\" aria-hidden=\"true\"><path d=\"M12 17.9c-4.2 0-7.9-2.1-9.9-5.5-.2-.3-.2-.6 0-.9C4.1 8.2 7.8 6 12 6s7.9 2.1 9.9 5.5c.2.3.2.6 0 .9-2 3.4-5.7 5.5-9.9 5.5zM3.9 12c1.6 2.6 4.8 4.2 8.1 4.2s6.4-1.6 8.1-4.2c-1.6-2.6-4.7-4.2-8.1-4.2S5.6 9.4 3.9 12zm8.1 3.3c-1.8 0-3.3-1.5-3.3-3.3s1.5-3.3 3.3-3.3 3.3 1.5 3.3 3.3-1.5 3.3-3.3 3.3zm0-4.9c-.9 0-1.6.8-1.6 1.6 0 .9.8 1.6 1.6 1.6s1.6-.8 1.6-1.6c0-.9-.7-1.6-1.6-1.6z\"><\/path><\/svg><\/span>Daha fazla bilgi edinin<\/a><\/div>\n<\/div>\n<\/div><\/div>\n\n\n\n<div class=\"blockart-column blockart-column-d49fc74f\"><div class=\"blockart-column-inner\">\n<div class=\"blockart-image blockart-image-b414fd02\"><a href=\"https:\/\/geo-plus.com\/tr\/kadastro-yazilimi\/\"><img decoding=\"async\" class=\"wp-image-35923\" src=\"https:\/\/geo-plus.com\/wp-content\/uploads\/2023\/09\/Asset-299-1.svg\" alt=\"\"\/><\/a><\/div>\n\n\n\n<h3 class=\"blockart-heading blockart-heading-b30d84b1\">Kadastro Planlar\u0131n\u0131z\u0131 G\u00fcncelleyin<\/h3>\n\n\n\n<p class=\"blockart-paragraph blockart-paragraph-30923a8f\">VisionCadastre Pro, kadastro s\u00fcre\u00e7lerini kolayla\u015ft\u0131rmak i\u00e7in tasarlanm\u0131\u015f y\u00fcksek verimli bir Kadastro Y\u00f6netim Yaz\u0131l\u0131m\u0131d\u0131r. Ergonomik aray\u00fcz\u00fc ve tam dijital i\u015flevselli\u011fi verimlili\u011fi art\u0131r\u0131r. Yaz\u0131l\u0131m, Quebec Enerji ve Do\u011fal Kaynaklar Bakanl\u0131\u011f\u0131 (MERN) kadastro standartlar\u0131na kolayca uyum sa\u011flayarak uyumlulu\u011fu garanti eder. Dahas\u0131, CAD platformunuzla sorunsuz bir \u015fekilde entegre olarak kadastro i\u015flem \u00e7izimi olu\u015fturmay\u0131 basitle\u015ftirir.<\/p>\n\n\n\n<div class=\"blockart-buttons blockart-buttons-3b2ee6cf is-wrap is-horizontal justify-left\">\n<div class=\"blockart-button blockart-button-5c80f038\" data-aos=\"none\"><a class=\"blockart-button-link is-custom is-style-filled is-hover-none\" href=\"https:\/\/geo-plus.com\/tr\/kadastro-yazilimi\/\"><span class=\"blockart-button-icon\"><svg width=\"24\" height=\"24\" xmlns=\"http:\/\/www.w3.org\/2000\/svg\" viewbox=\"0 0 24 24\" type=\"frontendIcon\" class=\"blockart-icon\" aria-hidden=\"true\"><path d=\"M12 17.9c-4.2 0-7.9-2.1-9.9-5.5-.2-.3-.2-.6 0-.9C4.1 8.2 7.8 6 12 6s7.9 2.1 9.9 5.5c.2.3.2.6 0 .9-2 3.4-5.7 5.5-9.9 5.5zM3.9 12c1.6 2.6 4.8 4.2 8.1 4.2s6.4-1.6 8.1-4.2c-1.6-2.6-4.7-4.2-8.1-4.2S5.6 9.4 3.9 12zm8.1 3.3c-1.8 0-3.3-1.5-3.3-3.3s1.5-3.3 3.3-3.3 3.3 1.5 3.3 3.3-1.5 3.3-3.3 3.3zm0-4.9c-.9 0-1.6.8-1.6 1.6 0 .9.8 1.6 1.6 1.6s1.6-.8 1.6-1.6c0-.9-.7-1.6-1.6-1.6z\"><\/path><\/svg><\/span>Daha fazla bilgi edinin<\/a><\/div>\n<\/div>\n<\/div><\/div>\n\n\n\n<div class=\"blockart-column blockart-column-98e7d8e1\"><div class=\"blockart-column-inner\"><\/div><\/div>\n<\/div><\/div><\/div>\n\n\n\n<div class=\"alignfull blockart-section blockart-section-6cffd591 alignfull\"><div class=\"blockart-container\"><div class=\"blockart-section-inner\">\n<div class=\"blockart-column blockart-column-263dd468\"><div class=\"blockart-column-inner\">\n<h2 class=\"blockart-heading blockart-heading-0a1747ef\">Hala yard\u0131ma ihtiyac\u0131n\u0131z var m\u0131?<\/h2>\n\n\n\n<p class=\"blockart-paragraph blockart-paragraph-98be4072\">\u0130htiyac\u0131n\u0131z olan yard\u0131m\u0131 an\u0131nda almak i\u00e7in i\u015f geli\u015ftirme departman\u0131m\u0131zla ileti\u015fime ge\u00e7in.<\/p>\n<\/div><\/div>\n\n\n\n<div class=\"blockart-column blockart-column-edf7c39e\"><div class=\"blockart-column-inner\">\n<div class=\"blockart-buttons blockart-buttons-3b2ee6cf is-wrap is-horizontal justify-center\">\n<div class=\"blockart-button blockart-button-5c80f038\" data-aos=\"none\"><a class=\"blockart-button-link is-custom is-style-filled is-hover-none\" href=\"https:\/\/geo-plus.com\/tr\/contact\/\"><span class=\"blockart-button-icon\"><svg width=\"24\" height=\"24\" xmlns=\"http:\/\/www.w3.org\/2000\/svg\" viewbox=\"0 0 24 24\" type=\"frontendIcon\" class=\"blockart-icon\" aria-hidden=\"true\"><path d=\"M21.6 2.2c-.3-.2-.7-.3-1-.1l-18 8.4c-.4.2-.6.5-.6 1s.3.8.6 1L8.3 15v7l6.2-4.4 5.1 2.2c.2.1.3.1.4.1.2 0 .3-.1.5-.2.3-.2.5-.5.5-.9L22 3c0-.2-.2-.6-.4-.8zM19 17.3l-5.6-2.4 3.3-6.5-8.1 4.4-3-1.4 14.2-6.7-.8 12.6z\"><\/path><\/svg><\/span>B\u0130ZE ULA\u015eIN<\/a><\/div>\n<\/div>\n<\/div><\/div>\n<\/div><\/div><\/div>\n\n\n\n<div class=\"alignfull blockart-section blockart-section-dd8e0d15 alignfull\"><div class=\"blockart-container\"><div class=\"blockart-section-inner\">\n<div class=\"blockart-column blockart-column-872f03cf\"><div class=\"blockart-column-inner\">\n<figure class=\"wp-block-embed is-type-video is-provider-youtube wp-block-embed-youtube wp-embed-aspect-16-9 wp-has-aspect-ratio\"><div class=\"wp-block-embed__wrapper\">\n<div class=\"jetpack-video-wrapper\"><span class=\"embed-youtube\" style=\"text-align:center; display: block;\"><iframe loading=\"lazy\" class=\"youtube-player\" width=\"812\" height=\"457\" src=\"https:\/\/www.youtube.com\/embed\/tzk7CfTY9z0?version=3&#038;rel=1&#038;showsearch=0&#038;showinfo=1&#038;iv_load_policy=1&#038;fs=1&#038;hl=tr-TR&#038;autohide=2&#038;wmode=transparent\" allowfullscreen=\"true\" style=\"border:0;\" sandbox=\"allow-scripts allow-same-origin allow-popups allow-presentation allow-popups-to-escape-sandbox\"><\/iframe><\/span><\/div>\n<\/div><\/figure>\n<\/div><\/div>\n\n\n\n<div class=\"blockart-column blockart-column-d47317f5\"><div class=\"blockart-column-inner\">\n<h2 class=\"blockart-heading blockart-heading-7b6421d8\">Geo-Plus kimdir<\/h2>\n\n\n\n<p class=\"blockart-paragraph blockart-paragraph-685a5775\">Geo-Plus, sekt\u00f6r\u00fc de\u011fi\u015ftirmek amac\u0131yla 1987 y\u0131l\u0131ndan bu yana AEC (mimarl\u0131k, m\u00fchendislik ve in\u015faat) yaz\u0131l\u0131m pazar\u0131 i\u00e7in Yenilik\u00e7i Yaz\u0131l\u0131m Teknolojilerinde \u00f6nc\u00fc olmu\u015ftur. D\u00fcnya \u00e7ap\u0131nda binlerce m\u00fc\u015fteri, son teknoloji \u00fcr\u00fcn ve hizmetler sa\u011flad\u0131\u011f\u0131 i\u00e7in y\u0131llar boyunca \u015firketin uzmanl\u0131\u011f\u0131ndan yararlanm\u0131\u015ft\u0131r.<\/p>\n<\/div><\/div>\n<\/div><\/div><\/div>\n\n\n\n<div class=\"alignfull blockart-section blockart-section-2e69ecbb alignfull\"><div class=\"blockart-container\"><div class=\"blockart-section-inner\">\n<div class=\"blockart-column blockart-column-013c9c67\"><div class=\"blockart-column-inner\">\n<h3 class=\"blockart-heading blockart-heading-3b0ddb89\">Ne yapar<br>Geo-Plus farkl\u0131<\/h3>\n<\/div><\/div>\n\n\n\n<div class=\"blockart-column blockart-column-cf0de680\"><div class=\"blockart-column-inner\">\n<p class=\"blockart-paragraph blockart-paragraph-573d3261\">1987'den beri AEC yaz\u0131l\u0131m\u0131nda \u00f6nc\u00fc olan Geo-Plus, son teknoloji Vision Suite'i sunuyor. 3D \u00f6l\u00e7\u00fcmler, yap\u0131lar, geometri ve daha fazlas\u0131 i\u00e7in 16'dan fazla entegre \u00e7\u00f6z\u00fcm ile altyap\u0131 uzmanlar\u0131n\u0131 g\u00fc\u00e7lendirir. Ba\u015f tac\u0131m\u0131z VisionLidar ve VisionLidar 365, LiDAR ve nokta bulutu teknolojisinde liderdir. Geo-Plus, en kaliteli yaz\u0131l\u0131m\u0131 m\u00fckemmel m\u00fc\u015fteri hizmetleri ile birle\u015ftirerek k\u00fcresel bir lider haline getiriyor. AEC sekt\u00f6r\u00fcn\u00fc d\u00f6n\u00fc\u015ft\u00fcren Geo-Plus ve Vision Suite yenilik\u00e7ili\u011fi, b\u00fcy\u00fcmeyi ve m\u00fc\u015fteri ba\u015far\u0131s\u0131n\u0131 te\u015fvik eder. En son g\u00fcncellemeler i\u00e7in bizi LinkedIn'de takip edin.<\/p>\n<\/div><\/div>\n<\/div><\/div><\/div>","protected":false},"excerpt":{"rendered":"","protected":false},"author":228097081,"featured_media":35956,"parent":0,"menu_order":0,"comment_status":"closed","ping_status":"closed","template":"","meta":{"_crdt_document":"","inline_featured_image":false,"jetpack_post_was_ever_published":false,"footnotes":""},"class_list":["post-35955","page","type-page","status-publish","has-post-thumbnail","hentry"],"yoast_head":"<!-- This site is optimized with the Yoast SEO Premium plugin v22.8 (Yoast SEO v27.3) - https:\/\/yoast.com\/product\/yoast-seo-premium-wordpress\/ -->\n<title>Geo-Plus | LiDAR, Land Surveying and Civil Engineering Software Solutions<\/title>\n<meta name=\"description\" content=\"Geo-Plus offers software solutions tailored to land and infrastructure professionals. We provide solutions for the fields of surveying, civil engineering and much more.\" \/>\n<meta name=\"robots\" content=\"index, follow, max-snippet:-1, max-image-preview:large, max-video-preview:-1\" \/>\n<link rel=\"canonical\" href=\"https:\/\/geo-plus.com\/tr\/landmeting\/\" \/>\n<meta property=\"og:locale\" content=\"tr_TR\" \/>\n<meta property=\"og:type\" content=\"article\" \/>\n<meta property=\"og:title\" content=\"Land Surveying\" \/>\n<meta property=\"og:description\" content=\"Geo-Plus offers software solutions tailored to land and infrastructure professionals. We provide solutions for the fields of surveying, civil engineering and much more.\" \/>\n<meta property=\"og:url\" content=\"https:\/\/geo-plus.com\/tr\/landmeting\/\" \/>\n<meta property=\"og:site_name\" content=\"Geo-Plus\" \/>\n<meta property=\"article:publisher\" content=\"https:\/\/www.facebook.com\/geoplussoft\" \/>\n<meta property=\"article:modified_time\" content=\"2023-10-13T15:57:12+00:00\" \/>\n<meta property=\"og:image\" content=\"https:\/\/geo-plus.com\/wp-content\/uploads\/2023\/09\/contractor-land-surveying-the-backyard-2022-12-15-23-47-25-utc-Large-1.jpg\" \/>\n\t<meta property=\"og:image:width\" content=\"1280\" \/>\n\t<meta property=\"og:image:height\" content=\"853\" \/>\n\t<meta property=\"og:image:type\" content=\"image\/jpeg\" \/>\n<meta name=\"twitter:card\" content=\"summary_large_image\" \/>\n<meta name=\"twitter:site\" content=\"@geoplussoft\" \/>\n<meta name=\"twitter:label1\" content=\"Tahmini okuma s\u00fcresi\" \/>\n\t<meta name=\"twitter:data1\" content=\"3 dakika\" \/>\n<script type=\"application\/ld+json\" class=\"yoast-schema-graph\">{\"@context\":\"https:\\\/\\\/schema.org\",\"@graph\":[{\"@type\":\"WebPage\",\"@id\":\"https:\\\/\\\/geo-plus.com\\\/nl\\\/landmeting\\\/\",\"url\":\"https:\\\/\\\/geo-plus.com\\\/nl\\\/landmeting\\\/\",\"name\":\"Geo-Plus | LiDAR, Land Surveying and Civil Engineering Software Solutions\",\"isPartOf\":{\"@id\":\"https:\\\/\\\/geo-plus.com\\\/#website\"},\"primaryImageOfPage\":{\"@id\":\"https:\\\/\\\/geo-plus.com\\\/nl\\\/landmeting\\\/#primaryimage\"},\"image\":{\"@id\":\"https:\\\/\\\/geo-plus.com\\\/nl\\\/landmeting\\\/#primaryimage\"},\"thumbnailUrl\":\"https:\\\/\\\/geo-plus.com\\\/wp-content\\\/uploads\\\/2023\\\/09\\\/contractor-land-surveying-the-backyard-2022-12-15-23-47-25-utc-Large-1.jpg\",\"datePublished\":\"2023-09-14T18:49:22+00:00\",\"dateModified\":\"2023-10-13T15:57:12+00:00\",\"description\":\"Geo-Plus offers software solutions tailored to land and infrastructure professionals. We provide solutions for the fields of surveying, civil engineering and much more.\",\"breadcrumb\":{\"@id\":\"https:\\\/\\\/geo-plus.com\\\/nl\\\/landmeting\\\/#breadcrumb\"},\"inLanguage\":\"tr\",\"potentialAction\":[{\"@type\":\"ReadAction\",\"target\":[\"https:\\\/\\\/geo-plus.com\\\/nl\\\/landmeting\\\/\"]}]},{\"@type\":\"ImageObject\",\"inLanguage\":\"tr\",\"@id\":\"https:\\\/\\\/geo-plus.com\\\/nl\\\/landmeting\\\/#primaryimage\",\"url\":\"https:\\\/\\\/geo-plus.com\\\/wp-content\\\/uploads\\\/2023\\\/09\\\/contractor-land-surveying-the-backyard-2022-12-15-23-47-25-utc-Large-1.jpg\",\"contentUrl\":\"https:\\\/\\\/geo-plus.com\\\/wp-content\\\/uploads\\\/2023\\\/09\\\/contractor-land-surveying-the-backyard-2022-12-15-23-47-25-utc-Large-1.jpg\",\"width\":1280,\"height\":853},{\"@type\":\"BreadcrumbList\",\"@id\":\"https:\\\/\\\/geo-plus.com\\\/nl\\\/landmeting\\\/#breadcrumb\",\"itemListElement\":[{\"@type\":\"ListItem\",\"position\":1,\"name\":\"Home\",\"item\":\"https:\\\/\\\/geo-plus.com\\\/\"},{\"@type\":\"ListItem\",\"position\":2,\"name\":\"Land Surveying\"}]},{\"@type\":\"WebSite\",\"@id\":\"https:\\\/\\\/geo-plus.com\\\/#website\",\"url\":\"https:\\\/\\\/geo-plus.com\\\/\",\"name\":\"Geo-Plus\",\"description\":\"Geo-Plus | LiDAR, Land Surveying and Civil Engineering Software Solutions\",\"publisher\":{\"@id\":\"https:\\\/\\\/geo-plus.com\\\/#organization\"},\"potentialAction\":[{\"@type\":\"SearchAction\",\"target\":{\"@type\":\"EntryPoint\",\"urlTemplate\":\"https:\\\/\\\/geo-plus.com\\\/?s={search_term_string}\"},\"query-input\":{\"@type\":\"PropertyValueSpecification\",\"valueRequired\":true,\"valueName\":\"search_term_string\"}}],\"inLanguage\":\"tr\"},{\"@type\":\"Organization\",\"@id\":\"https:\\\/\\\/geo-plus.com\\\/#organization\",\"name\":\"Geo-Plus\",\"alternateName\":\"Geo-Plus\",\"url\":\"https:\\\/\\\/geo-plus.com\\\/\",\"logo\":{\"@type\":\"ImageObject\",\"inLanguage\":\"tr\",\"@id\":\"https:\\\/\\\/geo-plus.com\\\/#\\\/schema\\\/logo\\\/image\\\/\",\"url\":\"https:\\\/\\\/geo-plus.com\\\/wp-content\\\/uploads\\\/2023\\\/03\\\/Geo-Plus-SVG-Logo.svg\",\"contentUrl\":\"https:\\\/\\\/geo-plus.com\\\/wp-content\\\/uploads\\\/2023\\\/03\\\/Geo-Plus-SVG-Logo.svg\",\"caption\":\"Geo-Plus\"},\"image\":{\"@id\":\"https:\\\/\\\/geo-plus.com\\\/#\\\/schema\\\/logo\\\/image\\\/\"},\"sameAs\":[\"https:\\\/\\\/www.facebook.com\\\/geoplussoft\",\"https:\\\/\\\/x.com\\\/geoplussoft\",\"https:\\\/\\\/www.tiktok.com\\\/@geoplussoft\",\"https:\\\/\\\/www.instagram.com\\\/geoplussoft\",\"https:\\\/\\\/www.linkedin.com\\\/company\\\/geoplussoft\"]}]}<\/script>\n<!-- \/ Yoast SEO Premium plugin. -->","yoast_head_json":{"title":"Geo-Plus | LiDAR, Arazi \u00d6l\u00e7\u00fcm\u00fc ve \u0130n\u015faat M\u00fchendisli\u011fi Yaz\u0131l\u0131m \u00c7\u00f6z\u00fcmleri","description":"Geo-Plus, arazi ve altyap\u0131 profesyonellerine \u00f6zel yaz\u0131l\u0131m \u00e7\u00f6z\u00fcmleri sunmaktad\u0131r. \u00d6l\u00e7me, in\u015faat m\u00fchendisli\u011fi ve \u00e7ok daha fazlas\u0131 i\u00e7in \u00e7\u00f6z\u00fcmler sunuyoruz.","robots":{"index":"index","follow":"follow","max-snippet":"max-snippet:-1","max-image-preview":"max-image-preview:large","max-video-preview":"max-video-preview:-1"},"canonical":"https:\/\/geo-plus.com\/tr\/landmeting\/","og_locale":"tr_TR","og_type":"article","og_title":"Land Surveying","og_description":"Geo-Plus offers software solutions tailored to land and infrastructure professionals. We provide solutions for the fields of surveying, civil engineering and much more.","og_url":"https:\/\/geo-plus.com\/tr\/landmeting\/","og_site_name":"Geo-Plus","article_publisher":"https:\/\/www.facebook.com\/geoplussoft","article_modified_time":"2023-10-13T15:57:12+00:00","og_image":[{"width":1280,"height":853,"url":"https:\/\/geo-plus.com\/wp-content\/uploads\/2023\/09\/contractor-land-surveying-the-backyard-2022-12-15-23-47-25-utc-Large-1.jpg","type":"image\/jpeg"}],"twitter_card":"summary_large_image","twitter_site":"@geoplussoft","twitter_misc":{"Tahmini okuma s\u00fcresi":"3 dakika"},"schema":{"@context":"https:\/\/schema.org","@graph":[{"@type":"WebPage","@id":"https:\/\/geo-plus.com\/nl\/landmeting\/","url":"https:\/\/geo-plus.com\/nl\/landmeting\/","name":"Geo-Plus | LiDAR, Arazi \u00d6l\u00e7\u00fcm\u00fc ve \u0130n\u015faat M\u00fchendisli\u011fi Yaz\u0131l\u0131m \u00c7\u00f6z\u00fcmleri","isPartOf":{"@id":"https:\/\/geo-plus.com\/#website"},"primaryImageOfPage":{"@id":"https:\/\/geo-plus.com\/nl\/landmeting\/#primaryimage"},"image":{"@id":"https:\/\/geo-plus.com\/nl\/landmeting\/#primaryimage"},"thumbnailUrl":"https:\/\/geo-plus.com\/wp-content\/uploads\/2023\/09\/contractor-land-surveying-the-backyard-2022-12-15-23-47-25-utc-Large-1.jpg","datePublished":"2023-09-14T18:49:22+00:00","dateModified":"2023-10-13T15:57:12+00:00","description":"Geo-Plus, arazi ve altyap\u0131 profesyonellerine \u00f6zel yaz\u0131l\u0131m \u00e7\u00f6z\u00fcmleri sunmaktad\u0131r. \u00d6l\u00e7me, in\u015faat m\u00fchendisli\u011fi ve \u00e7ok daha fazlas\u0131 i\u00e7in \u00e7\u00f6z\u00fcmler sunuyoruz.","breadcrumb":{"@id":"https:\/\/geo-plus.com\/nl\/landmeting\/#breadcrumb"},"inLanguage":"tr","potentialAction":[{"@type":"ReadAction","target":["https:\/\/geo-plus.com\/nl\/landmeting\/"]}]},{"@type":"ImageObject","inLanguage":"tr","@id":"https:\/\/geo-plus.com\/nl\/landmeting\/#primaryimage","url":"https:\/\/geo-plus.com\/wp-content\/uploads\/2023\/09\/contractor-land-surveying-the-backyard-2022-12-15-23-47-25-utc-Large-1.jpg","contentUrl":"https:\/\/geo-plus.com\/wp-content\/uploads\/2023\/09\/contractor-land-surveying-the-backyard-2022-12-15-23-47-25-utc-Large-1.jpg","width":1280,"height":853},{"@type":"BreadcrumbList","@id":"https:\/\/geo-plus.com\/nl\/landmeting\/#breadcrumb","itemListElement":[{"@type":"ListItem","position":1,"name":"Home","item":"https:\/\/geo-plus.com\/"},{"@type":"ListItem","position":2,"name":"Land Surveying"}]},{"@type":"WebSite","@id":"https:\/\/geo-plus.com\/#website","url":"https:\/\/geo-plus.com\/","name":"Geo-Plus","description":"Geo-Plus | LiDAR, Arazi \u00d6l\u00e7\u00fcm\u00fc ve \u0130n\u015faat M\u00fchendisli\u011fi Yaz\u0131l\u0131m \u00c7\u00f6z\u00fcmleri","publisher":{"@id":"https:\/\/geo-plus.com\/#organization"},"potentialAction":[{"@type":"SearchAction","target":{"@type":"EntryPoint","urlTemplate":"https:\/\/geo-plus.com\/?s={search_term_string}"},"query-input":{"@type":"PropertyValueSpecification","valueRequired":true,"valueName":"search_term_string"}}],"inLanguage":"tr"},{"@type":"Organization","@id":"https:\/\/geo-plus.com\/#organization","name":"Geo-Plus","alternateName":"Geo-Plus","url":"https:\/\/geo-plus.com\/","logo":{"@type":"ImageObject","inLanguage":"tr","@id":"https:\/\/geo-plus.com\/#\/schema\/logo\/image\/","url":"https:\/\/geo-plus.com\/wp-content\/uploads\/2023\/03\/Geo-Plus-SVG-Logo.svg","contentUrl":"https:\/\/geo-plus.com\/wp-content\/uploads\/2023\/03\/Geo-Plus-SVG-Logo.svg","caption":"Geo-Plus"},"image":{"@id":"https:\/\/geo-plus.com\/#\/schema\/logo\/image\/"},"sameAs":["https:\/\/www.facebook.com\/geoplussoft","https:\/\/x.com\/geoplussoft","https:\/\/www.tiktok.com\/@geoplussoft","https:\/\/www.instagram.com\/geoplussoft","https:\/\/www.linkedin.com\/company\/geoplussoft"]}]}},"jetpack_likes_enabled":true,"jetpack_sharing_enabled":true,"jetpack_shortlink":"https:\/\/wp.me\/PemK1o-9lV","jetpack-related-posts":[],"_links":{"self":[{"href":"https:\/\/geo-plus.com\/tr\/wp-json\/wp\/v2\/pages\/35955","targetHints":{"allow":["GET"]}}],"collection":[{"href":"https:\/\/geo-plus.com\/tr\/wp-json\/wp\/v2\/pages"}],"about":[{"href":"https:\/\/geo-plus.com\/tr\/wp-json\/wp\/v2\/types\/page"}],"author":[{"embeddable":true,"href":"https:\/\/geo-plus.com\/tr\/wp-json\/wp\/v2\/users\/228097081"}],"replies":[{"embeddable":true,"href":"https:\/\/geo-plus.com\/tr\/wp-json\/wp\/v2\/comments?post=35955"}],"version-history":[{"count":7,"href":"https:\/\/geo-plus.com\/tr\/wp-json\/wp\/v2\/pages\/35955\/revisions"}],"predecessor-version":[{"id":36380,"href":"https:\/\/geo-plus.com\/tr\/wp-json\/wp\/v2\/pages\/35955\/revisions\/36380"}],"wp:featuredmedia":[{"embeddable":true,"href":"https:\/\/geo-plus.com\/tr\/wp-json\/wp\/v2\/media\/35956"}],"wp:attachment":[{"href":"https:\/\/geo-plus.com\/tr\/wp-json\/wp\/v2\/media?parent=35955"}],"curies":[{"name":"wp","href":"https:\/\/api.w.org\/{rel}","templated":true}]}}